{"id":1447,"date":"2024-03-18T09:55:51","date_gmt":"2024-03-18T09:55:51","guid":{"rendered":"https:\/\/njmotion.com\/producto\/compact-r-al\/"},"modified":"2024-03-18T09:55:51","modified_gmt":"2024-03-18T08:55:51","slug":"compact-r-al","status":"publish","type":"product","link":"https:\/\/njmotion.com\/de\/producto\/compact-r-al\/","title":{"rendered":"Compact &#8211; R AL"},"content":{"rendered":"","protected":false},"excerpt":{"rendered":"<p>Seit ihrer Einf\u00fchrung im Jahr 2019 hat die Compact-R Motion Platform ihre Zuverl\u00e4ssigkeit und Effektivit\u00e4t kontinuierlich unter Beweis gestellt. Sie bietet ein unvergleichliches Simulationserlebnis und \u00fcberzeugt durch au\u00dfergew\u00f6hnliche Zuverl\u00e4ssigkeit. Ihr anpassungsf\u00e4higes Design macht sie perfekt f\u00fcr jede Kabine, egal ob Aluminium oder Eisen, und bietet Ihnen die n\u00f6tige Flexibilit\u00e4t f\u00fcr Ihr Setup. Und mit einer Tragkraft f\u00fcr Fahrer bis zu 130 kg garantiert sie ein komfortables und sicheres Erlebnis f\u00fcr eine Vielzahl von Nutzern.   <\/p>\n","protected":false},"featured_media":235,"comment_status":"open","ping_status":"closed","template":"","meta":[],"product_brand":[],"product_cat":[40],"product_tag":[],"class_list":{"0":"post-1447","1":"product","2":"type-product","3":"status-publish","4":"has-post-thumbnail","6":"product_cat-sim-racing-struktur","8":"first","9":"instock","10":"shipping-taxable","11":"purchasable","12":"product-type-simple"},"yoast_head":"<!-- This site is optimized with the Yoast SEO plugin v27.4 - https:\/\/yoast.com\/product\/yoast-seo-wordpress\/ -->\n<title>Compact - R AL - NjMotion Simulators<\/title>\n<meta name=\"robots\" content=\"index, follow, max-snippet:-1, max-image-preview:large, max-video-preview:-1\" \/>\n<link rel=\"canonical\" href=\"https:\/\/njmotion.com\/de\/producto\/compact-r-al\/\" \/>\n<meta property=\"og:locale\" content=\"de_DE\" \/>\n<meta property=\"og:type\" content=\"article\" \/>\n<meta property=\"og:title\" content=\"Compact - R AL - NjMotion Simulators\" \/>\n<meta property=\"og:description\" content=\"Seit ihrer Einf\u00fchrung im Jahr 2019 hat die Compact-R Motion Platform ihre Zuverl\u00e4ssigkeit und Effektivit\u00e4t kontinuierlich unter Beweis gestellt. Sie bietet ein unvergleichliches Simulationserlebnis und \u00fcberzeugt durch au\u00dfergew\u00f6hnliche Zuverl\u00e4ssigkeit. Ihr anpassungsf\u00e4higes Design macht sie perfekt f\u00fcr jede Kabine, egal ob Aluminium oder Eisen, und bietet Ihnen die n\u00f6tige Flexibilit\u00e4t f\u00fcr Ihr Setup. Und mit einer Tragkraft f\u00fcr Fahrer bis zu 130 kg garantiert sie ein komfortables und sicheres Erlebnis f\u00fcr eine Vielzahl von Nutzern.\" \/>\n<meta property=\"og:url\" content=\"https:\/\/njmotion.com\/de\/producto\/compact-r-al\/\" \/>\n<meta property=\"og:site_name\" content=\"NjMotion Simulators\" \/>\n<meta property=\"og:image\" content=\"https:\/\/njmotion.com\/wp-content\/uploads\/2024\/03\/compactral.jpg\" \/>\n\t<meta property=\"og:image:width\" content=\"600\" \/>\n\t<meta property=\"og:image:height\" content=\"439\" \/>\n\t<meta property=\"og:image:type\" content=\"image\/jpeg\" \/>\n<meta name=\"twitter:card\" content=\"summary_large_image\" \/>\n<script type=\"application\/ld+json\" class=\"yoast-schema-graph\">{\"@context\":\"https:\\\/\\\/schema.org\",\"@graph\":[{\"@type\":\"WebPage\",\"@id\":\"https:\\\/\\\/njmotion.com\\\/de\\\/producto\\\/compact-r-al\\\/\",\"url\":\"https:\\\/\\\/njmotion.com\\\/de\\\/producto\\\/compact-r-al\\\/\",\"name\":\"Compact - R AL - NjMotion Simulators\",\"isPartOf\":{\"@id\":\"https:\\\/\\\/njmotion.com\\\/de\\\/#website\"},\"primaryImageOfPage\":{\"@id\":\"https:\\\/\\\/njmotion.com\\\/de\\\/producto\\\/compact-r-al\\\/#primaryimage\"},\"image\":{\"@id\":\"https:\\\/\\\/njmotion.com\\\/de\\\/producto\\\/compact-r-al\\\/#primaryimage\"},\"thumbnailUrl\":\"https:\\\/\\\/njmotion.com\\\/wp-content\\\/uploads\\\/2024\\\/03\\\/compactral.jpg\",\"datePublished\":\"2024-03-18T09:55:51+00:00\",\"breadcrumb\":{\"@id\":\"https:\\\/\\\/njmotion.com\\\/de\\\/producto\\\/compact-r-al\\\/#breadcrumb\"},\"inLanguage\":\"de\",\"potentialAction\":[{\"@type\":\"ReadAction\",\"target\":[\"https:\\\/\\\/njmotion.com\\\/de\\\/producto\\\/compact-r-al\\\/\"]}]},{\"@type\":\"ImageObject\",\"inLanguage\":\"de\",\"@id\":\"https:\\\/\\\/njmotion.com\\\/de\\\/producto\\\/compact-r-al\\\/#primaryimage\",\"url\":\"https:\\\/\\\/njmotion.com\\\/wp-content\\\/uploads\\\/2024\\\/03\\\/compactral.jpg\",\"contentUrl\":\"https:\\\/\\\/njmotion.com\\\/wp-content\\\/uploads\\\/2024\\\/03\\\/compactral.jpg\",\"width\":600,\"height\":439,\"caption\":\"simuladores conduccion\"},{\"@type\":\"BreadcrumbList\",\"@id\":\"https:\\\/\\\/njmotion.com\\\/de\\\/producto\\\/compact-r-al\\\/#breadcrumb\",\"itemListElement\":[{\"@type\":\"ListItem\",\"position\":1,\"name\":\"Portada\",\"item\":\"https:\\\/\\\/njmotion.com\\\/de\\\/\"},{\"@type\":\"ListItem\",\"position\":2,\"name\":\"Shop\",\"item\":\"https:\\\/\\\/njmotion.com\\\/de\\\/shop\\\/\"},{\"@type\":\"ListItem\",\"position\":3,\"name\":\"Compact &#8211; R AL\"}]},{\"@type\":\"WebSite\",\"@id\":\"https:\\\/\\\/njmotion.com\\\/de\\\/#website\",\"url\":\"https:\\\/\\\/njmotion.com\\\/de\\\/\",\"name\":\"NjMotion Simulators\",\"description\":\"Simuladores de conducci\u00f3n y vuelo\",\"publisher\":{\"@id\":\"https:\\\/\\\/njmotion.com\\\/de\\\/#organization\"},\"potentialAction\":[{\"@type\":\"SearchAction\",\"target\":{\"@type\":\"EntryPoint\",\"urlTemplate\":\"https:\\\/\\\/njmotion.com\\\/de\\\/?s={search_term_string}\"},\"query-input\":{\"@type\":\"PropertyValueSpecification\",\"valueRequired\":true,\"valueName\":\"search_term_string\"}}],\"inLanguage\":\"de\"},{\"@type\":\"Organization\",\"@id\":\"https:\\\/\\\/njmotion.com\\\/de\\\/#organization\",\"name\":\"NjMotion Simulators\",\"url\":\"https:\\\/\\\/njmotion.com\\\/de\\\/\",\"logo\":{\"@type\":\"ImageObject\",\"inLanguage\":\"de\",\"@id\":\"https:\\\/\\\/njmotion.com\\\/de\\\/#\\\/schema\\\/logo\\\/image\\\/\",\"url\":\"https:\\\/\\\/njmotion.com\\\/wp-content\\\/uploads\\\/2024\\\/01\\\/Logo-Nuevo-NjMotion-Enjey-copia-2.png\",\"contentUrl\":\"https:\\\/\\\/njmotion.com\\\/wp-content\\\/uploads\\\/2024\\\/01\\\/Logo-Nuevo-NjMotion-Enjey-copia-2.png\",\"width\":450,\"height\":90,\"caption\":\"NjMotion Simulators\"},\"image\":{\"@id\":\"https:\\\/\\\/njmotion.com\\\/de\\\/#\\\/schema\\\/logo\\\/image\\\/\"}}]}<\/script>\n<!-- \/ Yoast SEO plugin. -->","yoast_head_json":{"title":"Compact - R AL - NjMotion Simulators","robots":{"index":"index","follow":"follow","max-snippet":"max-snippet:-1","max-image-preview":"max-image-preview:large","max-video-preview":"max-video-preview:-1"},"canonical":"https:\/\/njmotion.com\/de\/producto\/compact-r-al\/","og_locale":"de_DE","og_type":"article","og_title":"Compact - R AL - NjMotion Simulators","og_description":"Seit ihrer Einf\u00fchrung im Jahr 2019 hat die Compact-R Motion Platform ihre Zuverl\u00e4ssigkeit und Effektivit\u00e4t kontinuierlich unter Beweis gestellt. Sie bietet ein unvergleichliches Simulationserlebnis und \u00fcberzeugt durch au\u00dfergew\u00f6hnliche Zuverl\u00e4ssigkeit. Ihr anpassungsf\u00e4higes Design macht sie perfekt f\u00fcr jede Kabine, egal ob Aluminium oder Eisen, und bietet Ihnen die n\u00f6tige Flexibilit\u00e4t f\u00fcr Ihr Setup. Und mit einer Tragkraft f\u00fcr Fahrer bis zu 130 kg garantiert sie ein komfortables und sicheres Erlebnis f\u00fcr eine Vielzahl von Nutzern.","og_url":"https:\/\/njmotion.com\/de\/producto\/compact-r-al\/","og_site_name":"NjMotion Simulators","og_image":[{"width":600,"height":439,"url":"https:\/\/njmotion.com\/wp-content\/uploads\/2024\/03\/compactral.jpg","type":"image\/jpeg"}],"twitter_card":"summary_large_image","schema":{"@context":"https:\/\/schema.org","@graph":[{"@type":"WebPage","@id":"https:\/\/njmotion.com\/de\/producto\/compact-r-al\/","url":"https:\/\/njmotion.com\/de\/producto\/compact-r-al\/","name":"Compact - R AL - NjMotion Simulators","isPartOf":{"@id":"https:\/\/njmotion.com\/de\/#website"},"primaryImageOfPage":{"@id":"https:\/\/njmotion.com\/de\/producto\/compact-r-al\/#primaryimage"},"image":{"@id":"https:\/\/njmotion.com\/de\/producto\/compact-r-al\/#primaryimage"},"thumbnailUrl":"https:\/\/njmotion.com\/wp-content\/uploads\/2024\/03\/compactral.jpg","datePublished":"2024-03-18T09:55:51+00:00","breadcrumb":{"@id":"https:\/\/njmotion.com\/de\/producto\/compact-r-al\/#breadcrumb"},"inLanguage":"de","potentialAction":[{"@type":"ReadAction","target":["https:\/\/njmotion.com\/de\/producto\/compact-r-al\/"]}]},{"@type":"ImageObject","inLanguage":"de","@id":"https:\/\/njmotion.com\/de\/producto\/compact-r-al\/#primaryimage","url":"https:\/\/njmotion.com\/wp-content\/uploads\/2024\/03\/compactral.jpg","contentUrl":"https:\/\/njmotion.com\/wp-content\/uploads\/2024\/03\/compactral.jpg","width":600,"height":439,"caption":"simuladores conduccion"},{"@type":"BreadcrumbList","@id":"https:\/\/njmotion.com\/de\/producto\/compact-r-al\/#breadcrumb","itemListElement":[{"@type":"ListItem","position":1,"name":"Portada","item":"https:\/\/njmotion.com\/de\/"},{"@type":"ListItem","position":2,"name":"Shop","item":"https:\/\/njmotion.com\/de\/shop\/"},{"@type":"ListItem","position":3,"name":"Compact &#8211; R AL"}]},{"@type":"WebSite","@id":"https:\/\/njmotion.com\/de\/#website","url":"https:\/\/njmotion.com\/de\/","name":"NjMotion Simulators","description":"Simuladores de conducci\u00f3n y vuelo","publisher":{"@id":"https:\/\/njmotion.com\/de\/#organization"},"potentialAction":[{"@type":"SearchAction","target":{"@type":"EntryPoint","urlTemplate":"https:\/\/njmotion.com\/de\/?s={search_term_string}"},"query-input":{"@type":"PropertyValueSpecification","valueRequired":true,"valueName":"search_term_string"}}],"inLanguage":"de"},{"@type":"Organization","@id":"https:\/\/njmotion.com\/de\/#organization","name":"NjMotion Simulators","url":"https:\/\/njmotion.com\/de\/","logo":{"@type":"ImageObject","inLanguage":"de","@id":"https:\/\/njmotion.com\/de\/#\/schema\/logo\/image\/","url":"https:\/\/njmotion.com\/wp-content\/uploads\/2024\/01\/Logo-Nuevo-NjMotion-Enjey-copia-2.png","contentUrl":"https:\/\/njmotion.com\/wp-content\/uploads\/2024\/01\/Logo-Nuevo-NjMotion-Enjey-copia-2.png","width":450,"height":90,"caption":"NjMotion Simulators"},"image":{"@id":"https:\/\/njmotion.com\/de\/#\/schema\/logo\/image\/"}}]}},"_links":{"self":[{"href":"https:\/\/njmotion.com\/de\/wp-json\/wp\/v2\/product\/1447","targetHints":{"allow":["GET"]}}],"collection":[{"href":"https:\/\/njmotion.com\/de\/wp-json\/wp\/v2\/product"}],"about":[{"href":"https:\/\/njmotion.com\/de\/wp-json\/wp\/v2\/types\/product"}],"replies":[{"embeddable":true,"href":"https:\/\/njmotion.com\/de\/wp-json\/wp\/v2\/comments?post=1447"}],"wp:featuredmedia":[{"embeddable":true,"href":"https:\/\/njmotion.com\/de\/wp-json\/wp\/v2\/media\/235"}],"wp:attachment":[{"href":"https:\/\/njmotion.com\/de\/wp-json\/wp\/v2\/media?parent=1447"}],"wp:term":[{"taxonomy":"product_brand","embeddable":true,"href":"https:\/\/njmotion.com\/de\/wp-json\/wp\/v2\/product_brand?post=1447"},{"taxonomy":"product_cat","embeddable":true,"href":"https:\/\/njmotion.com\/de\/wp-json\/wp\/v2\/product_cat?post=1447"},{"taxonomy":"product_tag","embeddable":true,"href":"https:\/\/njmotion.com\/de\/wp-json\/wp\/v2\/product_tag?post=1447"}],"curies":[{"name":"wp","href":"https:\/\/api.w.org\/{rel}","templated":true}]}}