{"id":1519,"date":"2024-03-18T09:49:36","date_gmt":"2024-03-18T09:49:36","guid":{"rendered":"https:\/\/njmotion.com\/producto\/compact-evo-steel\/"},"modified":"2024-03-18T09:49:36","modified_gmt":"2024-03-18T08:49:36","slug":"compact-evo-steel","status":"publish","type":"product","link":"https:\/\/njmotion.com\/de\/producto\/compact-evo-steel\/","title":{"rendered":"Compact &#8211; Evo Steel"},"content":{"rendered":"<p>Eine propriet\u00e4re Plattform, die in Zusammenarbeit mit f\u00fchrenden Experten der Bewegungstechnik entwickelt wurde.<br \/>\nEntwickelt f\u00fcr schnelle, fl\u00fcssige und realistische Bewegungen dank professioneller Bewegungsprofile und modernster Motorsoftware.<br \/>\nObwohl es sich um eine der kompaktesten Plattformen auf dem Markt handelt, ist ihre Leistung au\u00dfergew\u00f6hnlich hoch. Sie passt perfekt in Ihr vorhandenes Cockpit, ohne zus\u00e4tzlichen Platz zu ben\u00f6tigen.<br \/>\nMit einer Kapazit\u00e4t f\u00fcr Benutzer bis zu 130 kg oder 285 lb ist es dank seiner Verwaltungssoftware, die eine schnelle und einfache Konfiguration erm\u00f6glicht, einfach zu verwenden.Con capacidad para usuarios de hasta 130 kg o 285 lb, es f\u00e1cil de usar gracias a su software de administraci\u00f3n que permite una configuraci\u00f3n r\u00e1pida y sencilla.<br \/>\nAufgrund seiner mechanischen Konstruktion bleibt das System auch im ausgeschalteten Zustand stabil.<br \/>\nDank seiner Komponenten, denen wir gro\u00dfe Aufmerksamkeit gewidmet haben, ist es eines der leisesten.<br \/>\nHergestellt in Europa nach den h\u00f6chsten Qualit\u00e4tsstandards, mit 3 Jahren Garantie, mit einer maximalen Winkelverschiebung f\u00fcr Nicken und Rollen von +\/- 10\u00b0 und einer maximalen Geschwindigkeit von 20\u00b0\/s.<\/p>\n","protected":false},"excerpt":{"rendered":"<p>Die Compact EVO Hierro Motion Platform geht \u00fcber die Kategorie einfacher Bewegungssimulatoren hinaus: Sie ist Ihre Eintrittskarte ins Cockpit eines Rennwagens oder auf den Pilotensitz. Sie reproduziert die Empfindungen von Nick- und Rollbewegungen authentisch und l\u00e4sst Sie mitten ins Geschehen eintauchen. Unser umfassendes Paket bietet ein umfassendes Simulationserlebnis.  <\/p>\n","protected":false},"featured_media":222,"comment_status":"open","ping_status":"closed","template":"","meta":[],"product_brand":[],"product_cat":[40],"product_tag":[],"class_list":{"0":"post-1519","1":"product","2":"type-product","3":"status-publish","4":"has-post-thumbnail","6":"product_cat-sim-racing-struktur","8":"first","9":"instock","10":"shipping-taxable","11":"purchasable","12":"product-type-simple"},"yoast_head":"<!-- This site is optimized with the Yoast SEO plugin v27.5 - https:\/\/yoast.com\/product\/yoast-seo-wordpress\/ -->\n<title>Compact - Evo Steel - NjMotion Simulators<\/title>\n<meta name=\"robots\" content=\"index, follow, max-snippet:-1, max-image-preview:large, max-video-preview:-1\" \/>\n<link rel=\"canonical\" href=\"https:\/\/njmotion.com\/de\/producto\/compact-evo-steel\/\" \/>\n<meta property=\"og:locale\" content=\"de_DE\" \/>\n<meta property=\"og:type\" content=\"article\" \/>\n<meta property=\"og:title\" content=\"Compact - Evo Steel - NjMotion Simulators\" \/>\n<meta property=\"og:description\" content=\"Die Compact EVO Hierro Motion Platform geht \u00fcber die Kategorie einfacher Bewegungssimulatoren hinaus: Sie ist Ihre Eintrittskarte ins Cockpit eines Rennwagens oder auf den Pilotensitz. Sie reproduziert die Empfindungen von Nick- und Rollbewegungen authentisch und l\u00e4sst Sie mitten ins Geschehen eintauchen. Unser umfassendes Paket bietet ein umfassendes Simulationserlebnis.\" \/>\n<meta property=\"og:url\" content=\"https:\/\/njmotion.com\/de\/producto\/compact-evo-steel\/\" \/>\n<meta property=\"og:site_name\" content=\"NjMotion Simulators\" \/>\n<meta property=\"og:image\" content=\"https:\/\/njmotion.com\/wp-content\/uploads\/2024\/03\/compact.jpg\" \/>\n\t<meta property=\"og:image:width\" content=\"600\" \/>\n\t<meta property=\"og:image:height\" content=\"439\" \/>\n\t<meta property=\"og:image:type\" content=\"image\/jpeg\" \/>\n<meta name=\"twitter:card\" content=\"summary_large_image\" \/>\n<meta name=\"twitter:label1\" content=\"Gesch\u00e4tzte Lesezeit\" \/>\n\t<meta name=\"twitter:data1\" content=\"1\u00a0Minute\" \/>\n<script type=\"application\/ld+json\" class=\"yoast-schema-graph\">{\"@context\":\"https:\\\/\\\/schema.org\",\"@graph\":[{\"@type\":\"WebPage\",\"@id\":\"https:\\\/\\\/njmotion.com\\\/de\\\/producto\\\/compact-evo-steel\\\/\",\"url\":\"https:\\\/\\\/njmotion.com\\\/de\\\/producto\\\/compact-evo-steel\\\/\",\"name\":\"Compact - Evo Steel - NjMotion Simulators\",\"isPartOf\":{\"@id\":\"https:\\\/\\\/njmotion.com\\\/de\\\/#website\"},\"primaryImageOfPage\":{\"@id\":\"https:\\\/\\\/njmotion.com\\\/de\\\/producto\\\/compact-evo-steel\\\/#primaryimage\"},\"image\":{\"@id\":\"https:\\\/\\\/njmotion.com\\\/de\\\/producto\\\/compact-evo-steel\\\/#primaryimage\"},\"thumbnailUrl\":\"https:\\\/\\\/njmotion.com\\\/wp-content\\\/uploads\\\/2024\\\/03\\\/compact.jpg\",\"datePublished\":\"2024-03-18T09:49:36+00:00\",\"breadcrumb\":{\"@id\":\"https:\\\/\\\/njmotion.com\\\/de\\\/producto\\\/compact-evo-steel\\\/#breadcrumb\"},\"inLanguage\":\"de\",\"potentialAction\":[{\"@type\":\"ReadAction\",\"target\":[\"https:\\\/\\\/njmotion.com\\\/de\\\/producto\\\/compact-evo-steel\\\/\"]}]},{\"@type\":\"ImageObject\",\"inLanguage\":\"de\",\"@id\":\"https:\\\/\\\/njmotion.com\\\/de\\\/producto\\\/compact-evo-steel\\\/#primaryimage\",\"url\":\"https:\\\/\\\/njmotion.com\\\/wp-content\\\/uploads\\\/2024\\\/03\\\/compact.jpg\",\"contentUrl\":\"https:\\\/\\\/njmotion.com\\\/wp-content\\\/uploads\\\/2024\\\/03\\\/compact.jpg\",\"width\":600,\"height\":439,\"caption\":\"simuladores conduccion\"},{\"@type\":\"BreadcrumbList\",\"@id\":\"https:\\\/\\\/njmotion.com\\\/de\\\/producto\\\/compact-evo-steel\\\/#breadcrumb\",\"itemListElement\":[{\"@type\":\"ListItem\",\"position\":1,\"name\":\"Portada\",\"item\":\"https:\\\/\\\/njmotion.com\\\/de\\\/\"},{\"@type\":\"ListItem\",\"position\":2,\"name\":\"Shop\",\"item\":\"https:\\\/\\\/njmotion.com\\\/de\\\/shop\\\/\"},{\"@type\":\"ListItem\",\"position\":3,\"name\":\"Compact &#8211; Evo Steel\"}]},{\"@type\":\"WebSite\",\"@id\":\"https:\\\/\\\/njmotion.com\\\/de\\\/#website\",\"url\":\"https:\\\/\\\/njmotion.com\\\/de\\\/\",\"name\":\"NjMotion Simulators\",\"description\":\"Simuladores de conducci\u00f3n y vuelo\",\"publisher\":{\"@id\":\"https:\\\/\\\/njmotion.com\\\/de\\\/#organization\"},\"potentialAction\":[{\"@type\":\"SearchAction\",\"target\":{\"@type\":\"EntryPoint\",\"urlTemplate\":\"https:\\\/\\\/njmotion.com\\\/de\\\/?s={search_term_string}\"},\"query-input\":{\"@type\":\"PropertyValueSpecification\",\"valueRequired\":true,\"valueName\":\"search_term_string\"}}],\"inLanguage\":\"de\"},{\"@type\":\"Organization\",\"@id\":\"https:\\\/\\\/njmotion.com\\\/de\\\/#organization\",\"name\":\"NjMotion Simulators\",\"url\":\"https:\\\/\\\/njmotion.com\\\/de\\\/\",\"logo\":{\"@type\":\"ImageObject\",\"inLanguage\":\"de\",\"@id\":\"https:\\\/\\\/njmotion.com\\\/de\\\/#\\\/schema\\\/logo\\\/image\\\/\",\"url\":\"https:\\\/\\\/njmotion.com\\\/wp-content\\\/uploads\\\/2024\\\/01\\\/Logo-Nuevo-NjMotion-Enjey-copia-2.png\",\"contentUrl\":\"https:\\\/\\\/njmotion.com\\\/wp-content\\\/uploads\\\/2024\\\/01\\\/Logo-Nuevo-NjMotion-Enjey-copia-2.png\",\"width\":450,\"height\":90,\"caption\":\"NjMotion Simulators\"},\"image\":{\"@id\":\"https:\\\/\\\/njmotion.com\\\/de\\\/#\\\/schema\\\/logo\\\/image\\\/\"}}]}<\/script>\n<!-- \/ Yoast SEO plugin. -->","yoast_head_json":{"title":"Compact - Evo Steel - NjMotion Simulators","robots":{"index":"index","follow":"follow","max-snippet":"max-snippet:-1","max-image-preview":"max-image-preview:large","max-video-preview":"max-video-preview:-1"},"canonical":"https:\/\/njmotion.com\/de\/producto\/compact-evo-steel\/","og_locale":"de_DE","og_type":"article","og_title":"Compact - Evo Steel - NjMotion Simulators","og_description":"Die Compact EVO Hierro Motion Platform geht \u00fcber die Kategorie einfacher Bewegungssimulatoren hinaus: Sie ist Ihre Eintrittskarte ins Cockpit eines Rennwagens oder auf den Pilotensitz. Sie reproduziert die Empfindungen von Nick- und Rollbewegungen authentisch und l\u00e4sst Sie mitten ins Geschehen eintauchen. Unser umfassendes Paket bietet ein umfassendes Simulationserlebnis.","og_url":"https:\/\/njmotion.com\/de\/producto\/compact-evo-steel\/","og_site_name":"NjMotion Simulators","og_image":[{"width":600,"height":439,"url":"https:\/\/njmotion.com\/wp-content\/uploads\/2024\/03\/compact.jpg","type":"image\/jpeg"}],"twitter_card":"summary_large_image","twitter_misc":{"Gesch\u00e4tzte Lesezeit":"1\u00a0Minute"},"schema":{"@context":"https:\/\/schema.org","@graph":[{"@type":"WebPage","@id":"https:\/\/njmotion.com\/de\/producto\/compact-evo-steel\/","url":"https:\/\/njmotion.com\/de\/producto\/compact-evo-steel\/","name":"Compact - Evo Steel - NjMotion Simulators","isPartOf":{"@id":"https:\/\/njmotion.com\/de\/#website"},"primaryImageOfPage":{"@id":"https:\/\/njmotion.com\/de\/producto\/compact-evo-steel\/#primaryimage"},"image":{"@id":"https:\/\/njmotion.com\/de\/producto\/compact-evo-steel\/#primaryimage"},"thumbnailUrl":"https:\/\/njmotion.com\/wp-content\/uploads\/2024\/03\/compact.jpg","datePublished":"2024-03-18T09:49:36+00:00","breadcrumb":{"@id":"https:\/\/njmotion.com\/de\/producto\/compact-evo-steel\/#breadcrumb"},"inLanguage":"de","potentialAction":[{"@type":"ReadAction","target":["https:\/\/njmotion.com\/de\/producto\/compact-evo-steel\/"]}]},{"@type":"ImageObject","inLanguage":"de","@id":"https:\/\/njmotion.com\/de\/producto\/compact-evo-steel\/#primaryimage","url":"https:\/\/njmotion.com\/wp-content\/uploads\/2024\/03\/compact.jpg","contentUrl":"https:\/\/njmotion.com\/wp-content\/uploads\/2024\/03\/compact.jpg","width":600,"height":439,"caption":"simuladores conduccion"},{"@type":"BreadcrumbList","@id":"https:\/\/njmotion.com\/de\/producto\/compact-evo-steel\/#breadcrumb","itemListElement":[{"@type":"ListItem","position":1,"name":"Portada","item":"https:\/\/njmotion.com\/de\/"},{"@type":"ListItem","position":2,"name":"Shop","item":"https:\/\/njmotion.com\/de\/shop\/"},{"@type":"ListItem","position":3,"name":"Compact &#8211; Evo Steel"}]},{"@type":"WebSite","@id":"https:\/\/njmotion.com\/de\/#website","url":"https:\/\/njmotion.com\/de\/","name":"NjMotion Simulators","description":"Simuladores de conducci\u00f3n y vuelo","publisher":{"@id":"https:\/\/njmotion.com\/de\/#organization"},"potentialAction":[{"@type":"SearchAction","target":{"@type":"EntryPoint","urlTemplate":"https:\/\/njmotion.com\/de\/?s={search_term_string}"},"query-input":{"@type":"PropertyValueSpecification","valueRequired":true,"valueName":"search_term_string"}}],"inLanguage":"de"},{"@type":"Organization","@id":"https:\/\/njmotion.com\/de\/#organization","name":"NjMotion Simulators","url":"https:\/\/njmotion.com\/de\/","logo":{"@type":"ImageObject","inLanguage":"de","@id":"https:\/\/njmotion.com\/de\/#\/schema\/logo\/image\/","url":"https:\/\/njmotion.com\/wp-content\/uploads\/2024\/01\/Logo-Nuevo-NjMotion-Enjey-copia-2.png","contentUrl":"https:\/\/njmotion.com\/wp-content\/uploads\/2024\/01\/Logo-Nuevo-NjMotion-Enjey-copia-2.png","width":450,"height":90,"caption":"NjMotion Simulators"},"image":{"@id":"https:\/\/njmotion.com\/de\/#\/schema\/logo\/image\/"}}]}},"_links":{"self":[{"href":"https:\/\/njmotion.com\/de\/wp-json\/wp\/v2\/product\/1519","targetHints":{"allow":["GET"]}}],"collection":[{"href":"https:\/\/njmotion.com\/de\/wp-json\/wp\/v2\/product"}],"about":[{"href":"https:\/\/njmotion.com\/de\/wp-json\/wp\/v2\/types\/product"}],"replies":[{"embeddable":true,"href":"https:\/\/njmotion.com\/de\/wp-json\/wp\/v2\/comments?post=1519"}],"wp:featuredmedia":[{"embeddable":true,"href":"https:\/\/njmotion.com\/de\/wp-json\/wp\/v2\/media\/222"}],"wp:attachment":[{"href":"https:\/\/njmotion.com\/de\/wp-json\/wp\/v2\/media?parent=1519"}],"wp:term":[{"taxonomy":"product_brand","embeddable":true,"href":"https:\/\/njmotion.com\/de\/wp-json\/wp\/v2\/product_brand?post=1519"},{"taxonomy":"product_cat","embeddable":true,"href":"https:\/\/njmotion.com\/de\/wp-json\/wp\/v2\/product_cat?post=1519"},{"taxonomy":"product_tag","embeddable":true,"href":"https:\/\/njmotion.com\/de\/wp-json\/wp\/v2\/product_tag?post=1519"}],"curies":[{"name":"wp","href":"https:\/\/api.w.org\/{rel}","templated":true}]}}