{"id":1237,"date":"2024-03-18T09:59:18","date_gmt":"2024-03-18T09:59:18","guid":{"rendered":"https:\/\/njmotion.com\/producto\/compact-r\/"},"modified":"2025-11-14T19:39:11","modified_gmt":"2025-11-14T18:39:11","slug":"compact-r","status":"publish","type":"product","link":"https:\/\/njmotion.com\/fr\/producto\/compact-r\/","title":{"rendered":"Compact &#8211; R"},"content":{"rendered":"","protected":false},"excerpt":{"rendered":"<p>Depuis son lancement en 2019, la plateforme de mouvement Compact-R a constamment prouv\u00e9 sa fiabilit\u00e9 et son efficacit\u00e9. Elle offre une exp\u00e9rience de simulation in\u00e9gal\u00e9e et une fiabilit\u00e9 exceptionnelle. Sa conception adaptable la rend id\u00e9ale pour toutes les cabines, qu&#8217;elles soient en aluminium ou en acier, vous offrant ainsi la flexibilit\u00e9 n\u00e9cessaire \u00e0 votre configuration. Pouvant accueillir des conducteurs jusqu&#8217;\u00e0 130 kg, elle garantit une exp\u00e9rience confortable et s\u00fbre \u00e0 un large \u00e9ventail d&#8217;utilisateurs.   <\/p>\n","protected":false},"featured_media":426,"comment_status":"open","ping_status":"closed","template":"","meta":[],"product_brand":[],"product_cat":[54,39],"product_tag":[],"class_list":{"0":"post-1237","1":"product","2":"type-product","3":"status-publish","4":"has-post-thumbnail","6":"product_cat-cockpit-simracing","7":"product_cat-structure-de-sim-racing","9":"first","10":"instock","11":"shipping-taxable","12":"purchasable","13":"product-type-simple"},"yoast_head":"<!-- This site is optimized with the Yoast SEO plugin v27.5 - https:\/\/yoast.com\/product\/yoast-seo-wordpress\/ -->\n<title>Compact - R - NjMotion Simulators<\/title>\n<meta name=\"robots\" content=\"index, follow, max-snippet:-1, max-image-preview:large, max-video-preview:-1\" \/>\n<link rel=\"canonical\" href=\"https:\/\/njmotion.com\/fr\/producto\/compact-r\/\" \/>\n<meta property=\"og:locale\" content=\"fr_FR\" \/>\n<meta property=\"og:type\" content=\"article\" \/>\n<meta property=\"og:title\" content=\"Compact - R - NjMotion Simulators\" \/>\n<meta property=\"og:description\" content=\"Depuis son lancement en 2019, la plateforme de mouvement Compact-R a constamment prouv\u00e9 sa fiabilit\u00e9 et son efficacit\u00e9. Elle offre une exp\u00e9rience de simulation in\u00e9gal\u00e9e et une fiabilit\u00e9 exceptionnelle. Sa conception adaptable la rend id\u00e9ale pour toutes les cabines, qu&#039;elles soient en aluminium ou en acier, vous offrant ainsi la flexibilit\u00e9 n\u00e9cessaire \u00e0 votre configuration. Pouvant accueillir des conducteurs jusqu&#039;\u00e0 130 kg, elle garantit une exp\u00e9rience confortable et s\u00fbre \u00e0 un large \u00e9ventail d&#039;utilisateurs.\" \/>\n<meta property=\"og:url\" content=\"https:\/\/njmotion.com\/fr\/producto\/compact-r\/\" \/>\n<meta property=\"og:site_name\" content=\"NjMotion Simulators\" \/>\n<meta property=\"article:modified_time\" content=\"2025-11-14T18:39:11+00:00\" \/>\n<meta property=\"og:image\" content=\"https:\/\/njmotion.com\/wp-content\/uploads\/2024\/03\/22.jpg\" \/>\n\t<meta property=\"og:image:width\" content=\"2000\" \/>\n\t<meta property=\"og:image:height\" content=\"2000\" \/>\n\t<meta property=\"og:image:type\" content=\"image\/jpeg\" \/>\n<meta name=\"twitter:card\" content=\"summary_large_image\" \/>\n<script type=\"application\/ld+json\" class=\"yoast-schema-graph\">{\"@context\":\"https:\\\/\\\/schema.org\",\"@graph\":[{\"@type\":\"WebPage\",\"@id\":\"https:\\\/\\\/njmotion.com\\\/fr\\\/producto\\\/compact-r\\\/\",\"url\":\"https:\\\/\\\/njmotion.com\\\/fr\\\/producto\\\/compact-r\\\/\",\"name\":\"Compact - R - NjMotion Simulators\",\"isPartOf\":{\"@id\":\"https:\\\/\\\/njmotion.com\\\/fr\\\/#website\"},\"primaryImageOfPage\":{\"@id\":\"https:\\\/\\\/njmotion.com\\\/fr\\\/producto\\\/compact-r\\\/#primaryimage\"},\"image\":{\"@id\":\"https:\\\/\\\/njmotion.com\\\/fr\\\/producto\\\/compact-r\\\/#primaryimage\"},\"thumbnailUrl\":\"https:\\\/\\\/njmotion.com\\\/wp-content\\\/uploads\\\/2024\\\/03\\\/22.jpg\",\"datePublished\":\"2024-03-18T09:59:18+00:00\",\"dateModified\":\"2025-11-14T18:39:11+00:00\",\"breadcrumb\":{\"@id\":\"https:\\\/\\\/njmotion.com\\\/fr\\\/producto\\\/compact-r\\\/#breadcrumb\"},\"inLanguage\":\"fr-FR\",\"potentialAction\":[{\"@type\":\"ReadAction\",\"target\":[\"https:\\\/\\\/njmotion.com\\\/fr\\\/producto\\\/compact-r\\\/\"]}]},{\"@type\":\"ImageObject\",\"inLanguage\":\"fr-FR\",\"@id\":\"https:\\\/\\\/njmotion.com\\\/fr\\\/producto\\\/compact-r\\\/#primaryimage\",\"url\":\"https:\\\/\\\/njmotion.com\\\/wp-content\\\/uploads\\\/2024\\\/03\\\/22.jpg\",\"contentUrl\":\"https:\\\/\\\/njmotion.com\\\/wp-content\\\/uploads\\\/2024\\\/03\\\/22.jpg\",\"width\":2000,\"height\":2000,\"caption\":\"simuladores conduccion\"},{\"@type\":\"BreadcrumbList\",\"@id\":\"https:\\\/\\\/njmotion.com\\\/fr\\\/producto\\\/compact-r\\\/#breadcrumb\",\"itemListElement\":[{\"@type\":\"ListItem\",\"position\":1,\"name\":\"Portada\",\"item\":\"https:\\\/\\\/njmotion.com\\\/fr\\\/\"},{\"@type\":\"ListItem\",\"position\":2,\"name\":\"Boutique\",\"item\":\"https:\\\/\\\/njmotion.com\\\/tienda\\\/\"},{\"@type\":\"ListItem\",\"position\":3,\"name\":\"Compact &#8211; R\"}]},{\"@type\":\"WebSite\",\"@id\":\"https:\\\/\\\/njmotion.com\\\/fr\\\/#website\",\"url\":\"https:\\\/\\\/njmotion.com\\\/fr\\\/\",\"name\":\"NjMotion Simulators\",\"description\":\"Simuladores de conducci\u00f3n y vuelo\",\"publisher\":{\"@id\":\"https:\\\/\\\/njmotion.com\\\/fr\\\/#organization\"},\"potentialAction\":[{\"@type\":\"SearchAction\",\"target\":{\"@type\":\"EntryPoint\",\"urlTemplate\":\"https:\\\/\\\/njmotion.com\\\/fr\\\/?s={search_term_string}\"},\"query-input\":{\"@type\":\"PropertyValueSpecification\",\"valueRequired\":true,\"valueName\":\"search_term_string\"}}],\"inLanguage\":\"fr-FR\"},{\"@type\":\"Organization\",\"@id\":\"https:\\\/\\\/njmotion.com\\\/fr\\\/#organization\",\"name\":\"NjMotion Simulators\",\"url\":\"https:\\\/\\\/njmotion.com\\\/fr\\\/\",\"logo\":{\"@type\":\"ImageObject\",\"inLanguage\":\"fr-FR\",\"@id\":\"https:\\\/\\\/njmotion.com\\\/fr\\\/#\\\/schema\\\/logo\\\/image\\\/\",\"url\":\"https:\\\/\\\/njmotion.com\\\/wp-content\\\/uploads\\\/2024\\\/01\\\/Logo-Nuevo-NjMotion-Enjey-copia-2.png\",\"contentUrl\":\"https:\\\/\\\/njmotion.com\\\/wp-content\\\/uploads\\\/2024\\\/01\\\/Logo-Nuevo-NjMotion-Enjey-copia-2.png\",\"width\":450,\"height\":90,\"caption\":\"NjMotion Simulators\"},\"image\":{\"@id\":\"https:\\\/\\\/njmotion.com\\\/fr\\\/#\\\/schema\\\/logo\\\/image\\\/\"}}]}<\/script>\n<!-- \/ Yoast SEO plugin. -->","yoast_head_json":{"title":"Compact - R - NjMotion Simulators","robots":{"index":"index","follow":"follow","max-snippet":"max-snippet:-1","max-image-preview":"max-image-preview:large","max-video-preview":"max-video-preview:-1"},"canonical":"https:\/\/njmotion.com\/fr\/producto\/compact-r\/","og_locale":"fr_FR","og_type":"article","og_title":"Compact - R - NjMotion Simulators","og_description":"Depuis son lancement en 2019, la plateforme de mouvement Compact-R a constamment prouv\u00e9 sa fiabilit\u00e9 et son efficacit\u00e9. Elle offre une exp\u00e9rience de simulation in\u00e9gal\u00e9e et une fiabilit\u00e9 exceptionnelle. Sa conception adaptable la rend id\u00e9ale pour toutes les cabines, qu'elles soient en aluminium ou en acier, vous offrant ainsi la flexibilit\u00e9 n\u00e9cessaire \u00e0 votre configuration. Pouvant accueillir des conducteurs jusqu'\u00e0 130 kg, elle garantit une exp\u00e9rience confortable et s\u00fbre \u00e0 un large \u00e9ventail d'utilisateurs.","og_url":"https:\/\/njmotion.com\/fr\/producto\/compact-r\/","og_site_name":"NjMotion Simulators","article_modified_time":"2025-11-14T18:39:11+00:00","og_image":[{"width":2000,"height":2000,"url":"https:\/\/njmotion.com\/wp-content\/uploads\/2024\/03\/22.jpg","type":"image\/jpeg"}],"twitter_card":"summary_large_image","schema":{"@context":"https:\/\/schema.org","@graph":[{"@type":"WebPage","@id":"https:\/\/njmotion.com\/fr\/producto\/compact-r\/","url":"https:\/\/njmotion.com\/fr\/producto\/compact-r\/","name":"Compact - R - NjMotion Simulators","isPartOf":{"@id":"https:\/\/njmotion.com\/fr\/#website"},"primaryImageOfPage":{"@id":"https:\/\/njmotion.com\/fr\/producto\/compact-r\/#primaryimage"},"image":{"@id":"https:\/\/njmotion.com\/fr\/producto\/compact-r\/#primaryimage"},"thumbnailUrl":"https:\/\/njmotion.com\/wp-content\/uploads\/2024\/03\/22.jpg","datePublished":"2024-03-18T09:59:18+00:00","dateModified":"2025-11-14T18:39:11+00:00","breadcrumb":{"@id":"https:\/\/njmotion.com\/fr\/producto\/compact-r\/#breadcrumb"},"inLanguage":"fr-FR","potentialAction":[{"@type":"ReadAction","target":["https:\/\/njmotion.com\/fr\/producto\/compact-r\/"]}]},{"@type":"ImageObject","inLanguage":"fr-FR","@id":"https:\/\/njmotion.com\/fr\/producto\/compact-r\/#primaryimage","url":"https:\/\/njmotion.com\/wp-content\/uploads\/2024\/03\/22.jpg","contentUrl":"https:\/\/njmotion.com\/wp-content\/uploads\/2024\/03\/22.jpg","width":2000,"height":2000,"caption":"simuladores conduccion"},{"@type":"BreadcrumbList","@id":"https:\/\/njmotion.com\/fr\/producto\/compact-r\/#breadcrumb","itemListElement":[{"@type":"ListItem","position":1,"name":"Portada","item":"https:\/\/njmotion.com\/fr\/"},{"@type":"ListItem","position":2,"name":"Boutique","item":"https:\/\/njmotion.com\/tienda\/"},{"@type":"ListItem","position":3,"name":"Compact &#8211; R"}]},{"@type":"WebSite","@id":"https:\/\/njmotion.com\/fr\/#website","url":"https:\/\/njmotion.com\/fr\/","name":"NjMotion Simulators","description":"Simuladores de conducci\u00f3n y vuelo","publisher":{"@id":"https:\/\/njmotion.com\/fr\/#organization"},"potentialAction":[{"@type":"SearchAction","target":{"@type":"EntryPoint","urlTemplate":"https:\/\/njmotion.com\/fr\/?s={search_term_string}"},"query-input":{"@type":"PropertyValueSpecification","valueRequired":true,"valueName":"search_term_string"}}],"inLanguage":"fr-FR"},{"@type":"Organization","@id":"https:\/\/njmotion.com\/fr\/#organization","name":"NjMotion Simulators","url":"https:\/\/njmotion.com\/fr\/","logo":{"@type":"ImageObject","inLanguage":"fr-FR","@id":"https:\/\/njmotion.com\/fr\/#\/schema\/logo\/image\/","url":"https:\/\/njmotion.com\/wp-content\/uploads\/2024\/01\/Logo-Nuevo-NjMotion-Enjey-copia-2.png","contentUrl":"https:\/\/njmotion.com\/wp-content\/uploads\/2024\/01\/Logo-Nuevo-NjMotion-Enjey-copia-2.png","width":450,"height":90,"caption":"NjMotion Simulators"},"image":{"@id":"https:\/\/njmotion.com\/fr\/#\/schema\/logo\/image\/"}}]}},"_links":{"self":[{"href":"https:\/\/njmotion.com\/fr\/wp-json\/wp\/v2\/product\/1237","targetHints":{"allow":["GET"]}}],"collection":[{"href":"https:\/\/njmotion.com\/fr\/wp-json\/wp\/v2\/product"}],"about":[{"href":"https:\/\/njmotion.com\/fr\/wp-json\/wp\/v2\/types\/product"}],"replies":[{"embeddable":true,"href":"https:\/\/njmotion.com\/fr\/wp-json\/wp\/v2\/comments?post=1237"}],"wp:featuredmedia":[{"embeddable":true,"href":"https:\/\/njmotion.com\/fr\/wp-json\/wp\/v2\/media\/426"}],"wp:attachment":[{"href":"https:\/\/njmotion.com\/fr\/wp-json\/wp\/v2\/media?parent=1237"}],"wp:term":[{"taxonomy":"product_brand","embeddable":true,"href":"https:\/\/njmotion.com\/fr\/wp-json\/wp\/v2\/product_brand?post=1237"},{"taxonomy":"product_cat","embeddable":true,"href":"https:\/\/njmotion.com\/fr\/wp-json\/wp\/v2\/product_cat?post=1237"},{"taxonomy":"product_tag","embeddable":true,"href":"https:\/\/njmotion.com\/fr\/wp-json\/wp\/v2\/product_tag?post=1237"}],"curies":[{"name":"wp","href":"https:\/\/api.w.org\/{rel}","templated":true}]}}