{"id":1507,"date":"2024-03-18T09:49:36","date_gmt":"2024-03-18T09:49:36","guid":{"rendered":"https:\/\/njmotion.com\/producto\/compact-evo-steel\/"},"modified":"2024-03-18T09:49:36","modified_gmt":"2024-03-18T08:49:36","slug":"compact-evo-steel","status":"publish","type":"product","link":"https:\/\/njmotion.com\/fr\/producto\/compact-evo-steel\/","title":{"rendered":"Compact &#8211; Evo Steel"},"content":{"rendered":"<p>Une plateforme propri\u00e9taire d\u00e9velopp\u00e9e en collaboration avec des experts de pointe en ing\u00e9nierie du mouvement.<br \/>\nCon\u00e7ue pour des mouvements rapides, fluides et r\u00e9alistes, gr\u00e2ce \u00e0 l&#8217;utilisation de profils de mouvement professionnels et d&#8217;un logiciel moteur de pointe, elle offre des performances exceptionnelles. Bien qu&#8217;elle soit l&#8217;une des plateformes les plus compactes du march\u00e9, elle s&#8217;int\u00e8gre parfaitement \u00e0 votre cockpit actuel sans n\u00e9cessiter d&#8217;espace suppl\u00e9mentaire.<br \/>\nPouvant accueillir des utilisateurs jusqu&#8217;\u00e0 130 kg ou 285 lb, il est facile \u00e0 utiliser gr\u00e2ce \u00e0 son logiciel de gestion qui permet une configuration rapide et facile.<br \/>\nGr\u00e2ce \u00e0 sa construction m\u00e9canique, le syst\u00e8me restera stable m\u00eame lorsqu&#8217;il est \u00e9teint.<br \/>\nC&#8217;est l&#8217;un des plus silencieux gr\u00e2ce \u00e0 ses composants, auxquels nous avons accord\u00e9 beaucoup d&#8217;attention.<br \/>\nFabriqu\u00e9 en Europe selon les normes de qualit\u00e9 les plus \u00e9lev\u00e9es, couvert par une garantie de 3 ans, avec un d\u00e9placement angulaire maximal pour le tangage et le roulis de +\/- 10\u00b0 et une vitesse maximale de 20\u00b0\/s.<\/p>\n","protected":false},"excerpt":{"rendered":"<p>La plateforme de mouvement compacte EVO Hierro transcende le simple simulateur de mouvement ; elle vous permet d&#8217;acc\u00e9der au cockpit d&#8217;une voiture de course ou au si\u00e8ge du pilote. Elle reproduit fid\u00e8lement les sensations de tangage et de roulis, vous plongeant au c\u0153ur de l&#8217;action. Notre package complet offre une exp\u00e9rience de simulation compl\u00e8te.  <\/p>\n","protected":false},"featured_media":222,"comment_status":"open","ping_status":"closed","template":"","meta":[],"product_brand":[],"product_cat":[39],"product_tag":[],"class_list":{"0":"post-1507","1":"product","2":"type-product","3":"status-publish","4":"has-post-thumbnail","6":"product_cat-structure-de-sim-racing","8":"first","9":"instock","10":"shipping-taxable","11":"purchasable","12":"product-type-simple"},"yoast_head":"<!-- This site is optimized with the Yoast SEO plugin v27.3 - https:\/\/yoast.com\/product\/yoast-seo-wordpress\/ -->\n<title>Compact - Evo Steel - NjMotion Simulators<\/title>\n<meta name=\"robots\" content=\"index, follow, max-snippet:-1, max-image-preview:large, max-video-preview:-1\" \/>\n<link rel=\"canonical\" href=\"https:\/\/njmotion.com\/fr\/producto\/compact-evo-steel\/\" \/>\n<meta property=\"og:locale\" content=\"fr_FR\" \/>\n<meta property=\"og:type\" content=\"article\" \/>\n<meta property=\"og:title\" content=\"Compact - Evo Steel - NjMotion Simulators\" \/>\n<meta property=\"og:description\" content=\"La plateforme de mouvement compacte EVO Hierro transcende le simple simulateur de mouvement ; elle vous permet d&#039;acc\u00e9der au cockpit d&#039;une voiture de course ou au si\u00e8ge du pilote. Elle reproduit fid\u00e8lement les sensations de tangage et de roulis, vous plongeant au c\u0153ur de l&#039;action. Notre package complet offre une exp\u00e9rience de simulation compl\u00e8te.\" \/>\n<meta property=\"og:url\" content=\"https:\/\/njmotion.com\/fr\/producto\/compact-evo-steel\/\" \/>\n<meta property=\"og:site_name\" content=\"NjMotion Simulators\" \/>\n<meta property=\"og:image\" content=\"https:\/\/njmotion.com\/wp-content\/uploads\/2024\/03\/compact.jpg\" \/>\n\t<meta property=\"og:image:width\" content=\"600\" \/>\n\t<meta property=\"og:image:height\" content=\"439\" \/>\n\t<meta property=\"og:image:type\" content=\"image\/jpeg\" \/>\n<meta name=\"twitter:card\" content=\"summary_large_image\" \/>\n<meta name=\"twitter:label1\" content=\"Dur\u00e9e de lecture estim\u00e9e\" \/>\n\t<meta name=\"twitter:data1\" content=\"1 minute\" \/>\n<script type=\"application\/ld+json\" class=\"yoast-schema-graph\">{\"@context\":\"https:\\\/\\\/schema.org\",\"@graph\":[{\"@type\":\"WebPage\",\"@id\":\"https:\\\/\\\/njmotion.com\\\/fr\\\/producto\\\/compact-evo-steel\\\/\",\"url\":\"https:\\\/\\\/njmotion.com\\\/fr\\\/producto\\\/compact-evo-steel\\\/\",\"name\":\"Compact - Evo Steel - NjMotion Simulators\",\"isPartOf\":{\"@id\":\"https:\\\/\\\/njmotion.com\\\/fr\\\/#website\"},\"primaryImageOfPage\":{\"@id\":\"https:\\\/\\\/njmotion.com\\\/fr\\\/producto\\\/compact-evo-steel\\\/#primaryimage\"},\"image\":{\"@id\":\"https:\\\/\\\/njmotion.com\\\/fr\\\/producto\\\/compact-evo-steel\\\/#primaryimage\"},\"thumbnailUrl\":\"https:\\\/\\\/njmotion.com\\\/wp-content\\\/uploads\\\/2024\\\/03\\\/compact.jpg\",\"datePublished\":\"2024-03-18T09:49:36+00:00\",\"breadcrumb\":{\"@id\":\"https:\\\/\\\/njmotion.com\\\/fr\\\/producto\\\/compact-evo-steel\\\/#breadcrumb\"},\"inLanguage\":\"fr-FR\",\"potentialAction\":[{\"@type\":\"ReadAction\",\"target\":[\"https:\\\/\\\/njmotion.com\\\/fr\\\/producto\\\/compact-evo-steel\\\/\"]}]},{\"@type\":\"ImageObject\",\"inLanguage\":\"fr-FR\",\"@id\":\"https:\\\/\\\/njmotion.com\\\/fr\\\/producto\\\/compact-evo-steel\\\/#primaryimage\",\"url\":\"https:\\\/\\\/njmotion.com\\\/wp-content\\\/uploads\\\/2024\\\/03\\\/compact.jpg\",\"contentUrl\":\"https:\\\/\\\/njmotion.com\\\/wp-content\\\/uploads\\\/2024\\\/03\\\/compact.jpg\",\"width\":600,\"height\":439,\"caption\":\"simuladores conduccion\"},{\"@type\":\"BreadcrumbList\",\"@id\":\"https:\\\/\\\/njmotion.com\\\/fr\\\/producto\\\/compact-evo-steel\\\/#breadcrumb\",\"itemListElement\":[{\"@type\":\"ListItem\",\"position\":1,\"name\":\"Portada\",\"item\":\"https:\\\/\\\/njmotion.com\\\/fr\\\/\"},{\"@type\":\"ListItem\",\"position\":2,\"name\":\"Boutique\",\"item\":\"https:\\\/\\\/njmotion.com\\\/tienda\\\/\"},{\"@type\":\"ListItem\",\"position\":3,\"name\":\"Compact &#8211; Evo Steel\"}]},{\"@type\":\"WebSite\",\"@id\":\"https:\\\/\\\/njmotion.com\\\/fr\\\/#website\",\"url\":\"https:\\\/\\\/njmotion.com\\\/fr\\\/\",\"name\":\"NjMotion Simulators\",\"description\":\"Simuladores de conducci\u00f3n y vuelo\",\"publisher\":{\"@id\":\"https:\\\/\\\/njmotion.com\\\/fr\\\/#organization\"},\"potentialAction\":[{\"@type\":\"SearchAction\",\"target\":{\"@type\":\"EntryPoint\",\"urlTemplate\":\"https:\\\/\\\/njmotion.com\\\/fr\\\/?s={search_term_string}\"},\"query-input\":{\"@type\":\"PropertyValueSpecification\",\"valueRequired\":true,\"valueName\":\"search_term_string\"}}],\"inLanguage\":\"fr-FR\"},{\"@type\":\"Organization\",\"@id\":\"https:\\\/\\\/njmotion.com\\\/fr\\\/#organization\",\"name\":\"NjMotion Simulators\",\"url\":\"https:\\\/\\\/njmotion.com\\\/fr\\\/\",\"logo\":{\"@type\":\"ImageObject\",\"inLanguage\":\"fr-FR\",\"@id\":\"https:\\\/\\\/njmotion.com\\\/fr\\\/#\\\/schema\\\/logo\\\/image\\\/\",\"url\":\"https:\\\/\\\/njmotion.com\\\/wp-content\\\/uploads\\\/2024\\\/01\\\/Logo-Nuevo-NjMotion-Enjey-copia-2.png\",\"contentUrl\":\"https:\\\/\\\/njmotion.com\\\/wp-content\\\/uploads\\\/2024\\\/01\\\/Logo-Nuevo-NjMotion-Enjey-copia-2.png\",\"width\":450,\"height\":90,\"caption\":\"NjMotion Simulators\"},\"image\":{\"@id\":\"https:\\\/\\\/njmotion.com\\\/fr\\\/#\\\/schema\\\/logo\\\/image\\\/\"}}]}<\/script>\n<!-- \/ Yoast SEO plugin. -->","yoast_head_json":{"title":"Compact - Evo Steel - NjMotion Simulators","robots":{"index":"index","follow":"follow","max-snippet":"max-snippet:-1","max-image-preview":"max-image-preview:large","max-video-preview":"max-video-preview:-1"},"canonical":"https:\/\/njmotion.com\/fr\/producto\/compact-evo-steel\/","og_locale":"fr_FR","og_type":"article","og_title":"Compact - Evo Steel - NjMotion Simulators","og_description":"La plateforme de mouvement compacte EVO Hierro transcende le simple simulateur de mouvement ; elle vous permet d'acc\u00e9der au cockpit d'une voiture de course ou au si\u00e8ge du pilote. Elle reproduit fid\u00e8lement les sensations de tangage et de roulis, vous plongeant au c\u0153ur de l'action. Notre package complet offre une exp\u00e9rience de simulation compl\u00e8te.","og_url":"https:\/\/njmotion.com\/fr\/producto\/compact-evo-steel\/","og_site_name":"NjMotion Simulators","og_image":[{"width":600,"height":439,"url":"https:\/\/njmotion.com\/wp-content\/uploads\/2024\/03\/compact.jpg","type":"image\/jpeg"}],"twitter_card":"summary_large_image","twitter_misc":{"Dur\u00e9e de lecture estim\u00e9e":"1 minute"},"schema":{"@context":"https:\/\/schema.org","@graph":[{"@type":"WebPage","@id":"https:\/\/njmotion.com\/fr\/producto\/compact-evo-steel\/","url":"https:\/\/njmotion.com\/fr\/producto\/compact-evo-steel\/","name":"Compact - Evo Steel - NjMotion Simulators","isPartOf":{"@id":"https:\/\/njmotion.com\/fr\/#website"},"primaryImageOfPage":{"@id":"https:\/\/njmotion.com\/fr\/producto\/compact-evo-steel\/#primaryimage"},"image":{"@id":"https:\/\/njmotion.com\/fr\/producto\/compact-evo-steel\/#primaryimage"},"thumbnailUrl":"https:\/\/njmotion.com\/wp-content\/uploads\/2024\/03\/compact.jpg","datePublished":"2024-03-18T09:49:36+00:00","breadcrumb":{"@id":"https:\/\/njmotion.com\/fr\/producto\/compact-evo-steel\/#breadcrumb"},"inLanguage":"fr-FR","potentialAction":[{"@type":"ReadAction","target":["https:\/\/njmotion.com\/fr\/producto\/compact-evo-steel\/"]}]},{"@type":"ImageObject","inLanguage":"fr-FR","@id":"https:\/\/njmotion.com\/fr\/producto\/compact-evo-steel\/#primaryimage","url":"https:\/\/njmotion.com\/wp-content\/uploads\/2024\/03\/compact.jpg","contentUrl":"https:\/\/njmotion.com\/wp-content\/uploads\/2024\/03\/compact.jpg","width":600,"height":439,"caption":"simuladores conduccion"},{"@type":"BreadcrumbList","@id":"https:\/\/njmotion.com\/fr\/producto\/compact-evo-steel\/#breadcrumb","itemListElement":[{"@type":"ListItem","position":1,"name":"Portada","item":"https:\/\/njmotion.com\/fr\/"},{"@type":"ListItem","position":2,"name":"Boutique","item":"https:\/\/njmotion.com\/tienda\/"},{"@type":"ListItem","position":3,"name":"Compact &#8211; Evo Steel"}]},{"@type":"WebSite","@id":"https:\/\/njmotion.com\/fr\/#website","url":"https:\/\/njmotion.com\/fr\/","name":"NjMotion Simulators","description":"Simuladores de conducci\u00f3n y vuelo","publisher":{"@id":"https:\/\/njmotion.com\/fr\/#organization"},"potentialAction":[{"@type":"SearchAction","target":{"@type":"EntryPoint","urlTemplate":"https:\/\/njmotion.com\/fr\/?s={search_term_string}"},"query-input":{"@type":"PropertyValueSpecification","valueRequired":true,"valueName":"search_term_string"}}],"inLanguage":"fr-FR"},{"@type":"Organization","@id":"https:\/\/njmotion.com\/fr\/#organization","name":"NjMotion Simulators","url":"https:\/\/njmotion.com\/fr\/","logo":{"@type":"ImageObject","inLanguage":"fr-FR","@id":"https:\/\/njmotion.com\/fr\/#\/schema\/logo\/image\/","url":"https:\/\/njmotion.com\/wp-content\/uploads\/2024\/01\/Logo-Nuevo-NjMotion-Enjey-copia-2.png","contentUrl":"https:\/\/njmotion.com\/wp-content\/uploads\/2024\/01\/Logo-Nuevo-NjMotion-Enjey-copia-2.png","width":450,"height":90,"caption":"NjMotion Simulators"},"image":{"@id":"https:\/\/njmotion.com\/fr\/#\/schema\/logo\/image\/"}}]}},"_links":{"self":[{"href":"https:\/\/njmotion.com\/fr\/wp-json\/wp\/v2\/product\/1507","targetHints":{"allow":["GET"]}}],"collection":[{"href":"https:\/\/njmotion.com\/fr\/wp-json\/wp\/v2\/product"}],"about":[{"href":"https:\/\/njmotion.com\/fr\/wp-json\/wp\/v2\/types\/product"}],"replies":[{"embeddable":true,"href":"https:\/\/njmotion.com\/fr\/wp-json\/wp\/v2\/comments?post=1507"}],"wp:featuredmedia":[{"embeddable":true,"href":"https:\/\/njmotion.com\/fr\/wp-json\/wp\/v2\/media\/222"}],"wp:attachment":[{"href":"https:\/\/njmotion.com\/fr\/wp-json\/wp\/v2\/media?parent=1507"}],"wp:term":[{"taxonomy":"product_brand","embeddable":true,"href":"https:\/\/njmotion.com\/fr\/wp-json\/wp\/v2\/product_brand?post=1507"},{"taxonomy":"product_cat","embeddable":true,"href":"https:\/\/njmotion.com\/fr\/wp-json\/wp\/v2\/product_cat?post=1507"},{"taxonomy":"product_tag","embeddable":true,"href":"https:\/\/njmotion.com\/fr\/wp-json\/wp\/v2\/product_tag?post=1507"}],"curies":[{"name":"wp","href":"https:\/\/api.w.org\/{rel}","templated":true}]}}