{"id":1710,"date":"2024-03-18T09:28:20","date_gmt":"2024-03-18T09:28:20","guid":{"rendered":"https:\/\/njmotion.com\/producto\/prend-en-charge-trois-moniteurs\/"},"modified":"2024-03-18T09:28:20","modified_gmt":"2024-03-18T08:28:20","slug":"prend-en-charge-trois-moniteurs","status":"publish","type":"product","link":"https:\/\/njmotion.com\/fr\/producto\/prend-en-charge-trois-moniteurs\/","title":{"rendered":"Prend en charge trois moniteurs"},"content":{"rendered":"","protected":false},"excerpt":{"rendered":"<div id=\"description\" class=\"tab-pane fade in active\">\n<div class=\"product-description\">\n<p>Support articul\u00e9 pour trois \u00e9crans max. 32&#8243;, VESA 75, 100 et en option 200 x 100<\/p>\n<p>Hauteur maximale des trois \u00e9crans : 100 cm. Vous pouvez \u00e9galement choisir une hauteur de 110 cm, id\u00e9ale pour le SV-3TL. <\/p>\n<div class=\"product-reference\">R\u00e9f\u00e9rence NJM0024<\/div>\n<\/div>\n<\/div>\n","protected":false},"featured_media":182,"comment_status":"open","ping_status":"closed","template":"","meta":[],"product_brand":[],"product_cat":[48],"product_tag":[],"class_list":{"0":"post-1710","1":"product","2":"type-product","3":"status-publish","4":"has-post-thumbnail","6":"product_cat-accessoires","8":"first","9":"instock","10":"shipping-taxable","11":"purchasable","12":"product-type-simple"},"yoast_head":"<!-- This site is optimized with the Yoast SEO plugin v27.5 - https:\/\/yoast.com\/product\/yoast-seo-wordpress\/ -->\n<title>Prend en charge trois moniteurs - NjMotion Simulators<\/title>\n<meta name=\"robots\" content=\"index, follow, max-snippet:-1, max-image-preview:large, max-video-preview:-1\" \/>\n<link rel=\"canonical\" href=\"https:\/\/njmotion.com\/fr\/producto\/prend-en-charge-trois-moniteurs\/\" \/>\n<meta property=\"og:locale\" content=\"fr_FR\" \/>\n<meta property=\"og:type\" content=\"article\" \/>\n<meta property=\"og:title\" content=\"Prend en charge trois moniteurs - NjMotion Simulators\" \/>\n<meta property=\"og:description\" content=\"Support articul\u00e9 pour trois \u00e9crans max. 32&quot;, VESA 75, 100 et en option 200 x 100 Hauteur maximale des trois \u00e9crans : 100 cm. Vous pouvez \u00e9galement choisir une hauteur de 110 cm, id\u00e9ale pour le SV-3TL. R\u00e9f\u00e9rence NJM0024\" \/>\n<meta property=\"og:url\" content=\"https:\/\/njmotion.com\/fr\/producto\/prend-en-charge-trois-moniteurs\/\" \/>\n<meta property=\"og:site_name\" content=\"NjMotion Simulators\" \/>\n<meta property=\"og:image\" content=\"https:\/\/njmotion.com\/wp-content\/uploads\/2024\/03\/soporte-tres-monitores.jpg\" \/>\n\t<meta property=\"og:image:width\" content=\"458\" \/>\n\t<meta property=\"og:image:height\" content=\"335\" \/>\n\t<meta property=\"og:image:type\" content=\"image\/jpeg\" \/>\n<meta name=\"twitter:card\" content=\"summary_large_image\" \/>\n<script type=\"application\/ld+json\" class=\"yoast-schema-graph\">{\"@context\":\"https:\\\/\\\/schema.org\",\"@graph\":[{\"@type\":\"WebPage\",\"@id\":\"https:\\\/\\\/njmotion.com\\\/fr\\\/producto\\\/prend-en-charge-trois-moniteurs\\\/\",\"url\":\"https:\\\/\\\/njmotion.com\\\/fr\\\/producto\\\/prend-en-charge-trois-moniteurs\\\/\",\"name\":\"Prend en charge trois moniteurs - NjMotion Simulators\",\"isPartOf\":{\"@id\":\"https:\\\/\\\/njmotion.com\\\/fr\\\/#website\"},\"primaryImageOfPage\":{\"@id\":\"https:\\\/\\\/njmotion.com\\\/fr\\\/producto\\\/prend-en-charge-trois-moniteurs\\\/#primaryimage\"},\"image\":{\"@id\":\"https:\\\/\\\/njmotion.com\\\/fr\\\/producto\\\/prend-en-charge-trois-moniteurs\\\/#primaryimage\"},\"thumbnailUrl\":\"https:\\\/\\\/njmotion.com\\\/wp-content\\\/uploads\\\/2024\\\/03\\\/soporte-tres-monitores.jpg\",\"datePublished\":\"2024-03-18T09:28:20+00:00\",\"breadcrumb\":{\"@id\":\"https:\\\/\\\/njmotion.com\\\/fr\\\/producto\\\/prend-en-charge-trois-moniteurs\\\/#breadcrumb\"},\"inLanguage\":\"fr-FR\",\"potentialAction\":[{\"@type\":\"ReadAction\",\"target\":[\"https:\\\/\\\/njmotion.com\\\/fr\\\/producto\\\/prend-en-charge-trois-moniteurs\\\/\"]}]},{\"@type\":\"ImageObject\",\"inLanguage\":\"fr-FR\",\"@id\":\"https:\\\/\\\/njmotion.com\\\/fr\\\/producto\\\/prend-en-charge-trois-moniteurs\\\/#primaryimage\",\"url\":\"https:\\\/\\\/njmotion.com\\\/wp-content\\\/uploads\\\/2024\\\/03\\\/soporte-tres-monitores.jpg\",\"contentUrl\":\"https:\\\/\\\/njmotion.com\\\/wp-content\\\/uploads\\\/2024\\\/03\\\/soporte-tres-monitores.jpg\",\"width\":458,\"height\":335,\"caption\":\"simuladores conduccion\"},{\"@type\":\"BreadcrumbList\",\"@id\":\"https:\\\/\\\/njmotion.com\\\/fr\\\/producto\\\/prend-en-charge-trois-moniteurs\\\/#breadcrumb\",\"itemListElement\":[{\"@type\":\"ListItem\",\"position\":1,\"name\":\"Portada\",\"item\":\"https:\\\/\\\/njmotion.com\\\/fr\\\/\"},{\"@type\":\"ListItem\",\"position\":2,\"name\":\"Boutique\",\"item\":\"https:\\\/\\\/njmotion.com\\\/tienda\\\/\"},{\"@type\":\"ListItem\",\"position\":3,\"name\":\"Prend en charge trois moniteurs\"}]},{\"@type\":\"WebSite\",\"@id\":\"https:\\\/\\\/njmotion.com\\\/fr\\\/#website\",\"url\":\"https:\\\/\\\/njmotion.com\\\/fr\\\/\",\"name\":\"NjMotion Simulators\",\"description\":\"Simuladores de conducci\u00f3n y vuelo\",\"publisher\":{\"@id\":\"https:\\\/\\\/njmotion.com\\\/fr\\\/#organization\"},\"potentialAction\":[{\"@type\":\"SearchAction\",\"target\":{\"@type\":\"EntryPoint\",\"urlTemplate\":\"https:\\\/\\\/njmotion.com\\\/fr\\\/?s={search_term_string}\"},\"query-input\":{\"@type\":\"PropertyValueSpecification\",\"valueRequired\":true,\"valueName\":\"search_term_string\"}}],\"inLanguage\":\"fr-FR\"},{\"@type\":\"Organization\",\"@id\":\"https:\\\/\\\/njmotion.com\\\/fr\\\/#organization\",\"name\":\"NjMotion Simulators\",\"url\":\"https:\\\/\\\/njmotion.com\\\/fr\\\/\",\"logo\":{\"@type\":\"ImageObject\",\"inLanguage\":\"fr-FR\",\"@id\":\"https:\\\/\\\/njmotion.com\\\/fr\\\/#\\\/schema\\\/logo\\\/image\\\/\",\"url\":\"https:\\\/\\\/njmotion.com\\\/wp-content\\\/uploads\\\/2024\\\/01\\\/Logo-Nuevo-NjMotion-Enjey-copia-2.png\",\"contentUrl\":\"https:\\\/\\\/njmotion.com\\\/wp-content\\\/uploads\\\/2024\\\/01\\\/Logo-Nuevo-NjMotion-Enjey-copia-2.png\",\"width\":450,\"height\":90,\"caption\":\"NjMotion Simulators\"},\"image\":{\"@id\":\"https:\\\/\\\/njmotion.com\\\/fr\\\/#\\\/schema\\\/logo\\\/image\\\/\"}}]}<\/script>\n<!-- \/ Yoast SEO plugin. -->","yoast_head_json":{"title":"Prend en charge trois moniteurs - NjMotion Simulators","robots":{"index":"index","follow":"follow","max-snippet":"max-snippet:-1","max-image-preview":"max-image-preview:large","max-video-preview":"max-video-preview:-1"},"canonical":"https:\/\/njmotion.com\/fr\/producto\/prend-en-charge-trois-moniteurs\/","og_locale":"fr_FR","og_type":"article","og_title":"Prend en charge trois moniteurs - NjMotion Simulators","og_description":"Support articul\u00e9 pour trois \u00e9crans max. 32\", VESA 75, 100 et en option 200 x 100 Hauteur maximale des trois \u00e9crans : 100 cm. Vous pouvez \u00e9galement choisir une hauteur de 110 cm, id\u00e9ale pour le SV-3TL. R\u00e9f\u00e9rence NJM0024","og_url":"https:\/\/njmotion.com\/fr\/producto\/prend-en-charge-trois-moniteurs\/","og_site_name":"NjMotion Simulators","og_image":[{"width":458,"height":335,"url":"https:\/\/njmotion.com\/wp-content\/uploads\/2024\/03\/soporte-tres-monitores.jpg","type":"image\/jpeg"}],"twitter_card":"summary_large_image","schema":{"@context":"https:\/\/schema.org","@graph":[{"@type":"WebPage","@id":"https:\/\/njmotion.com\/fr\/producto\/prend-en-charge-trois-moniteurs\/","url":"https:\/\/njmotion.com\/fr\/producto\/prend-en-charge-trois-moniteurs\/","name":"Prend en charge trois moniteurs - NjMotion Simulators","isPartOf":{"@id":"https:\/\/njmotion.com\/fr\/#website"},"primaryImageOfPage":{"@id":"https:\/\/njmotion.com\/fr\/producto\/prend-en-charge-trois-moniteurs\/#primaryimage"},"image":{"@id":"https:\/\/njmotion.com\/fr\/producto\/prend-en-charge-trois-moniteurs\/#primaryimage"},"thumbnailUrl":"https:\/\/njmotion.com\/wp-content\/uploads\/2024\/03\/soporte-tres-monitores.jpg","datePublished":"2024-03-18T09:28:20+00:00","breadcrumb":{"@id":"https:\/\/njmotion.com\/fr\/producto\/prend-en-charge-trois-moniteurs\/#breadcrumb"},"inLanguage":"fr-FR","potentialAction":[{"@type":"ReadAction","target":["https:\/\/njmotion.com\/fr\/producto\/prend-en-charge-trois-moniteurs\/"]}]},{"@type":"ImageObject","inLanguage":"fr-FR","@id":"https:\/\/njmotion.com\/fr\/producto\/prend-en-charge-trois-moniteurs\/#primaryimage","url":"https:\/\/njmotion.com\/wp-content\/uploads\/2024\/03\/soporte-tres-monitores.jpg","contentUrl":"https:\/\/njmotion.com\/wp-content\/uploads\/2024\/03\/soporte-tres-monitores.jpg","width":458,"height":335,"caption":"simuladores conduccion"},{"@type":"BreadcrumbList","@id":"https:\/\/njmotion.com\/fr\/producto\/prend-en-charge-trois-moniteurs\/#breadcrumb","itemListElement":[{"@type":"ListItem","position":1,"name":"Portada","item":"https:\/\/njmotion.com\/fr\/"},{"@type":"ListItem","position":2,"name":"Boutique","item":"https:\/\/njmotion.com\/tienda\/"},{"@type":"ListItem","position":3,"name":"Prend en charge trois moniteurs"}]},{"@type":"WebSite","@id":"https:\/\/njmotion.com\/fr\/#website","url":"https:\/\/njmotion.com\/fr\/","name":"NjMotion Simulators","description":"Simuladores de conducci\u00f3n y vuelo","publisher":{"@id":"https:\/\/njmotion.com\/fr\/#organization"},"potentialAction":[{"@type":"SearchAction","target":{"@type":"EntryPoint","urlTemplate":"https:\/\/njmotion.com\/fr\/?s={search_term_string}"},"query-input":{"@type":"PropertyValueSpecification","valueRequired":true,"valueName":"search_term_string"}}],"inLanguage":"fr-FR"},{"@type":"Organization","@id":"https:\/\/njmotion.com\/fr\/#organization","name":"NjMotion Simulators","url":"https:\/\/njmotion.com\/fr\/","logo":{"@type":"ImageObject","inLanguage":"fr-FR","@id":"https:\/\/njmotion.com\/fr\/#\/schema\/logo\/image\/","url":"https:\/\/njmotion.com\/wp-content\/uploads\/2024\/01\/Logo-Nuevo-NjMotion-Enjey-copia-2.png","contentUrl":"https:\/\/njmotion.com\/wp-content\/uploads\/2024\/01\/Logo-Nuevo-NjMotion-Enjey-copia-2.png","width":450,"height":90,"caption":"NjMotion Simulators"},"image":{"@id":"https:\/\/njmotion.com\/fr\/#\/schema\/logo\/image\/"}}]}},"_links":{"self":[{"href":"https:\/\/njmotion.com\/fr\/wp-json\/wp\/v2\/product\/1710","targetHints":{"allow":["GET"]}}],"collection":[{"href":"https:\/\/njmotion.com\/fr\/wp-json\/wp\/v2\/product"}],"about":[{"href":"https:\/\/njmotion.com\/fr\/wp-json\/wp\/v2\/types\/product"}],"replies":[{"embeddable":true,"href":"https:\/\/njmotion.com\/fr\/wp-json\/wp\/v2\/comments?post=1710"}],"wp:featuredmedia":[{"embeddable":true,"href":"https:\/\/njmotion.com\/fr\/wp-json\/wp\/v2\/media\/182"}],"wp:attachment":[{"href":"https:\/\/njmotion.com\/fr\/wp-json\/wp\/v2\/media?parent=1710"}],"wp:term":[{"taxonomy":"product_brand","embeddable":true,"href":"https:\/\/njmotion.com\/fr\/wp-json\/wp\/v2\/product_brand?post=1710"},{"taxonomy":"product_cat","embeddable":true,"href":"https:\/\/njmotion.com\/fr\/wp-json\/wp\/v2\/product_cat?post=1710"},{"taxonomy":"product_tag","embeddable":true,"href":"https:\/\/njmotion.com\/fr\/wp-json\/wp\/v2\/product_tag?post=1710"}],"curies":[{"name":"wp","href":"https:\/\/api.w.org\/{rel}","templated":true}]}}