{"id":913,"date":"2025-10-07T21:09:52","date_gmt":"2025-10-07T19:09:52","guid":{"rendered":"https:\/\/njmotion.com\/tester\/"},"modified":"2025-10-16T02:01:23","modified_gmt":"2025-10-16T00:01:23","slug":"tester","status":"publish","type":"page","link":"https:\/\/njmotion.com\/it\/tester\/","title":{"rendered":"Tester"},"content":{"rendered":"<div itemscope data-project-style=\"minimal\" data-sold-individually=\"false\" data-gallery-variant=\"default\" data-n-lazy=\"off\" data-hide-product-sku=\"false\" data-gallery-style=\"ios_slider\" data-tab-pos=\"default\" id=\"product-206\" class=\"product type-product post-206 status-publish first instock product_cat-motion-systems has-post-thumbnail featured shipping-taxable purchasable product-type-simple\"><div class=\"span_5 col\"><div class=\"woocommerce-product-gallery woocommerce-product-gallery--without-gallery\"><figure class=\"woocommerce-product-gallery__wrapper\"><img fetchpriority=\"high\" decoding=\"async\" width=\"600\" height=\"439\" src=\"https:\/\/njmotion.com\/wp-content\/uploads\/2024\/03\/sv-f.jpg\" class=\"wp-post-image\" alt=\"simuladores conduccion\" srcset=\"https:\/\/njmotion.com\/wp-content\/uploads\/2024\/03\/sv-f.jpg 600w, https:\/\/njmotion.com\/wp-content\/uploads\/2024\/03\/sv-f-300x220.jpg 300w\" sizes=\"(max-width: 600px) 100vw, 600px\" \/><\/figure><\/div><\/div><div class=\"span_7 col summary entry-summary force-contained-rows\"><h1 class=\"product_title entry-title nectar-inherit-default\">SV-F<\/h1><p class=\"price nectar-inherit-default\"><span class=\"woocommerce-Price-amount amount\"><bdi>4.500,00&nbsp;<span class=\"woocommerce-Price-currencySymbol\">&euro;<\/span><\/bdi><\/span><\/p><div class=\"woocommerce-product-details__short-description\"><p>Plataforma para simuladores de vuelo. Chasis de acero al carbono sobre el que se monta una estructura de aluminio reforzado que sostiene todos los componentes. Lo interesante de este tipo de monturas es la robustez del aluminio reforzado y su capacidad de personalizaci\u00f3n. Pero aseg\u00farate de sujetarte bien. Tiene una gran potencia para mover el conjunto. Los potenci\u00f3metros se\u00a0 controlan desde el propio asiento, gestionando la potencia e intensidad sin necesidad de acceder al programa. La plataforma ofrece grandes inclinaciones y es bastante silenciosa, adem\u00e1s de\u00a0 consumir poca energ\u00eda. <strong>(Fecha de entraga 60 d\u00edas)<\/strong><\/p>\n<p>&nbsp;<\/p>\n<\/div><form class=\"cart\" action=\"https:\/\/njmotion.com\/producto\/sv-f\/\" method=\"post\" enctype=\"multipart\/form-data\"><div class=\"quantity\"><input type=\"number\" name=\"quantity\" value=\"1\" min=\"1\" step=\"1\" \/><\/div><button type=\"submit\" name=\"add-to-cart\" value=\"206\" class=\"single_add_to_cart_button button alt\">A\u00f1adir al carrito<\/button><\/form><div class=\"product_meta\"><span class=\"posted_in\">Categor\u00eda: <a href=\"https:\/\/njmotion.com\/categoria-producto\/motion-systems\/\" rel=\"tag\">Estructura Sim Racing<\/a><\/span><\/div><\/div><\/div><\/div>\n","protected":false},"excerpt":{"rendered":"SV-F4.500,00&nbsp;&euro;Plataforma para simuladores de vuelo. Chasis de acero al carbono sobre el que se monta una estructura de aluminio reforzado que sostiene todos los componentes. Lo interesante de este tipo...","protected":false},"author":1,"featured_media":0,"parent":0,"menu_order":0,"comment_status":"closed","ping_status":"closed","template":"","meta":{"footnotes":""},"class_list":["post-913","page","type-page","status-publish"],"yoast_head":"<!-- This site is optimized with the Yoast SEO plugin v27.4 - https:\/\/yoast.com\/product\/yoast-seo-wordpress\/ -->\n<title>Tester - NjMotion Simulators<\/title>\n<meta name=\"robots\" content=\"index, follow, max-snippet:-1, max-image-preview:large, max-video-preview:-1\" \/>\n<link rel=\"canonical\" href=\"https:\/\/njmotion.com\/it\/tester\/\" \/>\n<meta property=\"og:locale\" content=\"it_IT\" \/>\n<meta property=\"og:type\" content=\"article\" \/>\n<meta property=\"og:title\" content=\"Tester - NjMotion Simulators\" \/>\n<meta property=\"og:url\" content=\"https:\/\/njmotion.com\/it\/tester\/\" \/>\n<meta property=\"og:site_name\" content=\"NjMotion Simulators\" \/>\n<meta property=\"article:modified_time\" content=\"2025-10-16T00:01:23+00:00\" \/>\n<meta name=\"twitter:card\" content=\"summary_large_image\" \/>\n<script type=\"application\/ld+json\" class=\"yoast-schema-graph\">{\"@context\":\"https:\\\/\\\/schema.org\",\"@graph\":[{\"@type\":\"WebPage\",\"@id\":\"https:\\\/\\\/njmotion.com\\\/it\\\/tester\\\/\",\"url\":\"https:\\\/\\\/njmotion.com\\\/it\\\/tester\\\/\",\"name\":\"Tester - NjMotion Simulators\",\"isPartOf\":{\"@id\":\"https:\\\/\\\/njmotion.com\\\/it\\\/#website\"},\"datePublished\":\"2025-10-07T19:09:52+00:00\",\"dateModified\":\"2025-10-16T00:01:23+00:00\",\"breadcrumb\":{\"@id\":\"https:\\\/\\\/njmotion.com\\\/it\\\/tester\\\/#breadcrumb\"},\"inLanguage\":\"it-IT\",\"potentialAction\":[{\"@type\":\"ReadAction\",\"target\":[\"https:\\\/\\\/njmotion.com\\\/it\\\/tester\\\/\"]}]},{\"@type\":\"BreadcrumbList\",\"@id\":\"https:\\\/\\\/njmotion.com\\\/it\\\/tester\\\/#breadcrumb\",\"itemListElement\":[{\"@type\":\"ListItem\",\"position\":1,\"name\":\"Portada\",\"item\":\"https:\\\/\\\/njmotion.com\\\/it\\\/\"},{\"@type\":\"ListItem\",\"position\":2,\"name\":\"Tester\"}]},{\"@type\":\"WebSite\",\"@id\":\"https:\\\/\\\/njmotion.com\\\/it\\\/#website\",\"url\":\"https:\\\/\\\/njmotion.com\\\/it\\\/\",\"name\":\"NjMotion Simulators\",\"description\":\"Simuladores de conducci\u00f3n y vuelo\",\"publisher\":{\"@id\":\"https:\\\/\\\/njmotion.com\\\/it\\\/#organization\"},\"potentialAction\":[{\"@type\":\"SearchAction\",\"target\":{\"@type\":\"EntryPoint\",\"urlTemplate\":\"https:\\\/\\\/njmotion.com\\\/it\\\/?s={search_term_string}\"},\"query-input\":{\"@type\":\"PropertyValueSpecification\",\"valueRequired\":true,\"valueName\":\"search_term_string\"}}],\"inLanguage\":\"it-IT\"},{\"@type\":\"Organization\",\"@id\":\"https:\\\/\\\/njmotion.com\\\/it\\\/#organization\",\"name\":\"NjMotion Simulators\",\"url\":\"https:\\\/\\\/njmotion.com\\\/it\\\/\",\"logo\":{\"@type\":\"ImageObject\",\"inLanguage\":\"it-IT\",\"@id\":\"https:\\\/\\\/njmotion.com\\\/it\\\/#\\\/schema\\\/logo\\\/image\\\/\",\"url\":\"https:\\\/\\\/njmotion.com\\\/wp-content\\\/uploads\\\/2024\\\/01\\\/Logo-Nuevo-NjMotion-Enjey-copia-2.png\",\"contentUrl\":\"https:\\\/\\\/njmotion.com\\\/wp-content\\\/uploads\\\/2024\\\/01\\\/Logo-Nuevo-NjMotion-Enjey-copia-2.png\",\"width\":450,\"height\":90,\"caption\":\"NjMotion Simulators\"},\"image\":{\"@id\":\"https:\\\/\\\/njmotion.com\\\/it\\\/#\\\/schema\\\/logo\\\/image\\\/\"}}]}<\/script>\n<!-- \/ Yoast SEO plugin. -->","yoast_head_json":{"title":"Tester - NjMotion Simulators","robots":{"index":"index","follow":"follow","max-snippet":"max-snippet:-1","max-image-preview":"max-image-preview:large","max-video-preview":"max-video-preview:-1"},"canonical":"https:\/\/njmotion.com\/it\/tester\/","og_locale":"it_IT","og_type":"article","og_title":"Tester - NjMotion Simulators","og_url":"https:\/\/njmotion.com\/it\/tester\/","og_site_name":"NjMotion Simulators","article_modified_time":"2025-10-16T00:01:23+00:00","twitter_card":"summary_large_image","schema":{"@context":"https:\/\/schema.org","@graph":[{"@type":"WebPage","@id":"https:\/\/njmotion.com\/it\/tester\/","url":"https:\/\/njmotion.com\/it\/tester\/","name":"Tester - NjMotion Simulators","isPartOf":{"@id":"https:\/\/njmotion.com\/it\/#website"},"datePublished":"2025-10-07T19:09:52+00:00","dateModified":"2025-10-16T00:01:23+00:00","breadcrumb":{"@id":"https:\/\/njmotion.com\/it\/tester\/#breadcrumb"},"inLanguage":"it-IT","potentialAction":[{"@type":"ReadAction","target":["https:\/\/njmotion.com\/it\/tester\/"]}]},{"@type":"BreadcrumbList","@id":"https:\/\/njmotion.com\/it\/tester\/#breadcrumb","itemListElement":[{"@type":"ListItem","position":1,"name":"Portada","item":"https:\/\/njmotion.com\/it\/"},{"@type":"ListItem","position":2,"name":"Tester"}]},{"@type":"WebSite","@id":"https:\/\/njmotion.com\/it\/#website","url":"https:\/\/njmotion.com\/it\/","name":"NjMotion Simulators","description":"Simuladores de conducci\u00f3n y vuelo","publisher":{"@id":"https:\/\/njmotion.com\/it\/#organization"},"potentialAction":[{"@type":"SearchAction","target":{"@type":"EntryPoint","urlTemplate":"https:\/\/njmotion.com\/it\/?s={search_term_string}"},"query-input":{"@type":"PropertyValueSpecification","valueRequired":true,"valueName":"search_term_string"}}],"inLanguage":"it-IT"},{"@type":"Organization","@id":"https:\/\/njmotion.com\/it\/#organization","name":"NjMotion Simulators","url":"https:\/\/njmotion.com\/it\/","logo":{"@type":"ImageObject","inLanguage":"it-IT","@id":"https:\/\/njmotion.com\/it\/#\/schema\/logo\/image\/","url":"https:\/\/njmotion.com\/wp-content\/uploads\/2024\/01\/Logo-Nuevo-NjMotion-Enjey-copia-2.png","contentUrl":"https:\/\/njmotion.com\/wp-content\/uploads\/2024\/01\/Logo-Nuevo-NjMotion-Enjey-copia-2.png","width":450,"height":90,"caption":"NjMotion Simulators"},"image":{"@id":"https:\/\/njmotion.com\/it\/#\/schema\/logo\/image\/"}}]}},"_links":{"self":[{"href":"https:\/\/njmotion.com\/it\/wp-json\/wp\/v2\/pages\/913","targetHints":{"allow":["GET"]}}],"collection":[{"href":"https:\/\/njmotion.com\/it\/wp-json\/wp\/v2\/pages"}],"about":[{"href":"https:\/\/njmotion.com\/it\/wp-json\/wp\/v2\/types\/page"}],"author":[{"embeddable":true,"href":"https:\/\/njmotion.com\/it\/wp-json\/wp\/v2\/users\/1"}],"replies":[{"embeddable":true,"href":"https:\/\/njmotion.com\/it\/wp-json\/wp\/v2\/comments?post=913"}],"version-history":[{"count":0,"href":"https:\/\/njmotion.com\/it\/wp-json\/wp\/v2\/pages\/913\/revisions"}],"wp:attachment":[{"href":"https:\/\/njmotion.com\/it\/wp-json\/wp\/v2\/media?parent=913"}],"curies":[{"name":"wp","href":"https:\/\/api.w.org\/{rel}","templated":true}]}}