{"id":1579,"date":"2024-03-18T09:40:25","date_gmt":"2024-03-18T09:40:25","guid":{"rendered":"https:\/\/njmotion.com\/producto\/sv-f\/"},"modified":"2024-03-18T09:40:25","modified_gmt":"2024-03-18T08:40:25","slug":"sv-f","status":"publish","type":"product","link":"https:\/\/njmotion.com\/it\/producto\/sv-f\/","title":{"rendered":"SV-F"},"content":{"rendered":"<p><iframe title=\"PLATAFORMA DE MOVIMIENTO NjMotion | PROTOTIPO para Flight Simulator 2020 \u2708\ufe0f by ElNinoDelAvion \ud83c\uddea\ud83c\uddf8\" width=\"1080\" height=\"608\" src=\"https:\/\/www.youtube.com\/embed\/2gtmzYldjWE?feature=oembed\" frameborder=\"0\" allow=\"accelerometer; autoplay; clipboard-write; encrypted-media; gyroscope; picture-in-picture; web-share\" referrerpolicy=\"strict-origin-when-cross-origin\" allowfullscreen><\/iframe><\/p>\n","protected":false},"excerpt":{"rendered":"<p>Piattaforma per simulatore di volo. Telaio in acciaio al carbonio montato su una struttura in alluminio rinforzato che supporta tutti i componenti. Il vantaggio di questo tipo di supporto \u00e8 la robustezza dell&#8217;alluminio rinforzato e le sue possibilit\u00e0 di personalizzazione. Ma assicuratevi di tenerlo ben saldo. Ha una potenza sufficiente per muovere l&#8217;intera unit\u00e0. I \u200b\u200bpotenziometri sono controllati dal sedile stesso, gestendo potenza e intensit\u00e0 senza dover accedere al programma. La piattaforma offre ampie inclinazioni ed \u00e8 piuttosto silenziosa, oltre a consumare poca energia.      <strong>(Data di consegna 60 giorni)<\/strong><\/p>\n<p>&nbsp;<\/p>\n","protected":false},"featured_media":1573,"comment_status":"open","ping_status":"closed","template":"","meta":[],"product_brand":[],"product_cat":[41],"product_tag":[],"class_list":{"0":"post-1579","1":"product","2":"type-product","3":"status-publish","4":"has-post-thumbnail","6":"product_cat-struttura-di-sim-racing","8":"first","9":"instock","10":"featured","11":"shipping-taxable","12":"purchasable","13":"product-type-simple"},"yoast_head":"<!-- This site is optimized with the Yoast SEO plugin v27.3 - https:\/\/yoast.com\/product\/yoast-seo-wordpress\/ -->\n<title>SV-F - NjMotion Simulators<\/title>\n<meta name=\"robots\" content=\"index, follow, max-snippet:-1, max-image-preview:large, max-video-preview:-1\" \/>\n<link rel=\"canonical\" href=\"https:\/\/njmotion.com\/it\/producto\/sv-f\/\" \/>\n<meta property=\"og:locale\" content=\"it_IT\" \/>\n<meta property=\"og:type\" content=\"article\" \/>\n<meta property=\"og:title\" content=\"SV-F - NjMotion Simulators\" \/>\n<meta property=\"og:description\" content=\"Piattaforma per simulatore di volo. Telaio in acciaio al carbonio montato su una struttura in alluminio rinforzato che supporta tutti i componenti. Il vantaggio di questo tipo di supporto \u00e8 la robustezza dell&#039;alluminio rinforzato e le sue possibilit\u00e0 di personalizzazione. Ma assicuratevi di tenerlo ben saldo. Ha una potenza sufficiente per muovere l&#039;intera unit\u00e0. I \u200b\u200bpotenziometri sono controllati dal sedile stesso, gestendo potenza e intensit\u00e0 senza dover accedere al programma. La piattaforma offre ampie inclinazioni ed \u00e8 piuttosto silenziosa, oltre a consumare poca energia.   (Data di consegna 60 giorni) &nbsp;\" \/>\n<meta property=\"og:url\" content=\"https:\/\/njmotion.com\/it\/producto\/sv-f\/\" \/>\n<meta property=\"og:site_name\" content=\"NjMotion Simulators\" \/>\n<meta property=\"og:image\" content=\"https:\/\/njmotion.com\/wp-content\/uploads\/2024\/03\/sv-f.jpg\" \/>\n\t<meta property=\"og:image:width\" content=\"600\" \/>\n\t<meta property=\"og:image:height\" content=\"439\" \/>\n\t<meta property=\"og:image:type\" content=\"image\/jpeg\" \/>\n<meta name=\"twitter:card\" content=\"summary_large_image\" \/>\n<script type=\"application\/ld+json\" class=\"yoast-schema-graph\">{\"@context\":\"https:\\\/\\\/schema.org\",\"@graph\":[{\"@type\":\"WebPage\",\"@id\":\"https:\\\/\\\/njmotion.com\\\/it\\\/producto\\\/sv-f\\\/\",\"url\":\"https:\\\/\\\/njmotion.com\\\/it\\\/producto\\\/sv-f\\\/\",\"name\":\"SV-F - NjMotion Simulators\",\"isPartOf\":{\"@id\":\"https:\\\/\\\/njmotion.com\\\/it\\\/#website\"},\"primaryImageOfPage\":{\"@id\":\"https:\\\/\\\/njmotion.com\\\/it\\\/producto\\\/sv-f\\\/#primaryimage\"},\"image\":{\"@id\":\"https:\\\/\\\/njmotion.com\\\/it\\\/producto\\\/sv-f\\\/#primaryimage\"},\"thumbnailUrl\":\"https:\\\/\\\/njmotion.com\\\/wp-content\\\/uploads\\\/2024\\\/03\\\/sv-f.jpg\",\"datePublished\":\"2024-03-18T09:40:25+00:00\",\"breadcrumb\":{\"@id\":\"https:\\\/\\\/njmotion.com\\\/it\\\/producto\\\/sv-f\\\/#breadcrumb\"},\"inLanguage\":\"it-IT\",\"potentialAction\":[{\"@type\":\"ReadAction\",\"target\":[\"https:\\\/\\\/njmotion.com\\\/it\\\/producto\\\/sv-f\\\/\"]}]},{\"@type\":\"ImageObject\",\"inLanguage\":\"it-IT\",\"@id\":\"https:\\\/\\\/njmotion.com\\\/it\\\/producto\\\/sv-f\\\/#primaryimage\",\"url\":\"https:\\\/\\\/njmotion.com\\\/wp-content\\\/uploads\\\/2024\\\/03\\\/sv-f.jpg\",\"contentUrl\":\"https:\\\/\\\/njmotion.com\\\/wp-content\\\/uploads\\\/2024\\\/03\\\/sv-f.jpg\",\"width\":600,\"height\":439,\"caption\":\"simulatori di guida\"},{\"@type\":\"BreadcrumbList\",\"@id\":\"https:\\\/\\\/njmotion.com\\\/it\\\/producto\\\/sv-f\\\/#breadcrumb\",\"itemListElement\":[{\"@type\":\"ListItem\",\"position\":1,\"name\":\"Portada\",\"item\":\"https:\\\/\\\/njmotion.com\\\/it\\\/\"},{\"@type\":\"ListItem\",\"position\":2,\"name\":\"Shop\",\"item\":\"https:\\\/\\\/njmotion.com\\\/tienda\\\/\"},{\"@type\":\"ListItem\",\"position\":3,\"name\":\"SV-F\"}]},{\"@type\":\"WebSite\",\"@id\":\"https:\\\/\\\/njmotion.com\\\/it\\\/#website\",\"url\":\"https:\\\/\\\/njmotion.com\\\/it\\\/\",\"name\":\"NjMotion Simulators\",\"description\":\"Simuladores de conducci\u00f3n y vuelo\",\"publisher\":{\"@id\":\"https:\\\/\\\/njmotion.com\\\/it\\\/#organization\"},\"potentialAction\":[{\"@type\":\"SearchAction\",\"target\":{\"@type\":\"EntryPoint\",\"urlTemplate\":\"https:\\\/\\\/njmotion.com\\\/it\\\/?s={search_term_string}\"},\"query-input\":{\"@type\":\"PropertyValueSpecification\",\"valueRequired\":true,\"valueName\":\"search_term_string\"}}],\"inLanguage\":\"it-IT\"},{\"@type\":\"Organization\",\"@id\":\"https:\\\/\\\/njmotion.com\\\/it\\\/#organization\",\"name\":\"NjMotion Simulators\",\"url\":\"https:\\\/\\\/njmotion.com\\\/it\\\/\",\"logo\":{\"@type\":\"ImageObject\",\"inLanguage\":\"it-IT\",\"@id\":\"https:\\\/\\\/njmotion.com\\\/it\\\/#\\\/schema\\\/logo\\\/image\\\/\",\"url\":\"https:\\\/\\\/njmotion.com\\\/wp-content\\\/uploads\\\/2024\\\/01\\\/Logo-Nuevo-NjMotion-Enjey-copia-2.png\",\"contentUrl\":\"https:\\\/\\\/njmotion.com\\\/wp-content\\\/uploads\\\/2024\\\/01\\\/Logo-Nuevo-NjMotion-Enjey-copia-2.png\",\"width\":450,\"height\":90,\"caption\":\"NjMotion Simulators\"},\"image\":{\"@id\":\"https:\\\/\\\/njmotion.com\\\/it\\\/#\\\/schema\\\/logo\\\/image\\\/\"}}]}<\/script>\n<!-- \/ Yoast SEO plugin. -->","yoast_head_json":{"title":"SV-F - NjMotion Simulators","robots":{"index":"index","follow":"follow","max-snippet":"max-snippet:-1","max-image-preview":"max-image-preview:large","max-video-preview":"max-video-preview:-1"},"canonical":"https:\/\/njmotion.com\/it\/producto\/sv-f\/","og_locale":"it_IT","og_type":"article","og_title":"SV-F - NjMotion Simulators","og_description":"Piattaforma per simulatore di volo. Telaio in acciaio al carbonio montato su una struttura in alluminio rinforzato che supporta tutti i componenti. Il vantaggio di questo tipo di supporto \u00e8 la robustezza dell'alluminio rinforzato e le sue possibilit\u00e0 di personalizzazione. Ma assicuratevi di tenerlo ben saldo. Ha una potenza sufficiente per muovere l'intera unit\u00e0. I \u200b\u200bpotenziometri sono controllati dal sedile stesso, gestendo potenza e intensit\u00e0 senza dover accedere al programma. La piattaforma offre ampie inclinazioni ed \u00e8 piuttosto silenziosa, oltre a consumare poca energia.   (Data di consegna 60 giorni) &nbsp;","og_url":"https:\/\/njmotion.com\/it\/producto\/sv-f\/","og_site_name":"NjMotion Simulators","og_image":[{"width":600,"height":439,"url":"https:\/\/njmotion.com\/wp-content\/uploads\/2024\/03\/sv-f.jpg","type":"image\/jpeg"}],"twitter_card":"summary_large_image","schema":{"@context":"https:\/\/schema.org","@graph":[{"@type":"WebPage","@id":"https:\/\/njmotion.com\/it\/producto\/sv-f\/","url":"https:\/\/njmotion.com\/it\/producto\/sv-f\/","name":"SV-F - NjMotion Simulators","isPartOf":{"@id":"https:\/\/njmotion.com\/it\/#website"},"primaryImageOfPage":{"@id":"https:\/\/njmotion.com\/it\/producto\/sv-f\/#primaryimage"},"image":{"@id":"https:\/\/njmotion.com\/it\/producto\/sv-f\/#primaryimage"},"thumbnailUrl":"https:\/\/njmotion.com\/wp-content\/uploads\/2024\/03\/sv-f.jpg","datePublished":"2024-03-18T09:40:25+00:00","breadcrumb":{"@id":"https:\/\/njmotion.com\/it\/producto\/sv-f\/#breadcrumb"},"inLanguage":"it-IT","potentialAction":[{"@type":"ReadAction","target":["https:\/\/njmotion.com\/it\/producto\/sv-f\/"]}]},{"@type":"ImageObject","inLanguage":"it-IT","@id":"https:\/\/njmotion.com\/it\/producto\/sv-f\/#primaryimage","url":"https:\/\/njmotion.com\/wp-content\/uploads\/2024\/03\/sv-f.jpg","contentUrl":"https:\/\/njmotion.com\/wp-content\/uploads\/2024\/03\/sv-f.jpg","width":600,"height":439,"caption":"simulatori di guida"},{"@type":"BreadcrumbList","@id":"https:\/\/njmotion.com\/it\/producto\/sv-f\/#breadcrumb","itemListElement":[{"@type":"ListItem","position":1,"name":"Portada","item":"https:\/\/njmotion.com\/it\/"},{"@type":"ListItem","position":2,"name":"Shop","item":"https:\/\/njmotion.com\/tienda\/"},{"@type":"ListItem","position":3,"name":"SV-F"}]},{"@type":"WebSite","@id":"https:\/\/njmotion.com\/it\/#website","url":"https:\/\/njmotion.com\/it\/","name":"NjMotion Simulators","description":"Simuladores de conducci\u00f3n y vuelo","publisher":{"@id":"https:\/\/njmotion.com\/it\/#organization"},"potentialAction":[{"@type":"SearchAction","target":{"@type":"EntryPoint","urlTemplate":"https:\/\/njmotion.com\/it\/?s={search_term_string}"},"query-input":{"@type":"PropertyValueSpecification","valueRequired":true,"valueName":"search_term_string"}}],"inLanguage":"it-IT"},{"@type":"Organization","@id":"https:\/\/njmotion.com\/it\/#organization","name":"NjMotion Simulators","url":"https:\/\/njmotion.com\/it\/","logo":{"@type":"ImageObject","inLanguage":"it-IT","@id":"https:\/\/njmotion.com\/it\/#\/schema\/logo\/image\/","url":"https:\/\/njmotion.com\/wp-content\/uploads\/2024\/01\/Logo-Nuevo-NjMotion-Enjey-copia-2.png","contentUrl":"https:\/\/njmotion.com\/wp-content\/uploads\/2024\/01\/Logo-Nuevo-NjMotion-Enjey-copia-2.png","width":450,"height":90,"caption":"NjMotion Simulators"},"image":{"@id":"https:\/\/njmotion.com\/it\/#\/schema\/logo\/image\/"}}]}},"_links":{"self":[{"href":"https:\/\/njmotion.com\/it\/wp-json\/wp\/v2\/product\/1579","targetHints":{"allow":["GET"]}}],"collection":[{"href":"https:\/\/njmotion.com\/it\/wp-json\/wp\/v2\/product"}],"about":[{"href":"https:\/\/njmotion.com\/it\/wp-json\/wp\/v2\/types\/product"}],"replies":[{"embeddable":true,"href":"https:\/\/njmotion.com\/it\/wp-json\/wp\/v2\/comments?post=1579"}],"wp:featuredmedia":[{"embeddable":true,"href":"https:\/\/njmotion.com\/it\/wp-json\/wp\/v2\/media\/1573"}],"wp:attachment":[{"href":"https:\/\/njmotion.com\/it\/wp-json\/wp\/v2\/media?parent=1579"}],"wp:term":[{"taxonomy":"product_brand","embeddable":true,"href":"https:\/\/njmotion.com\/it\/wp-json\/wp\/v2\/product_brand?post=1579"},{"taxonomy":"product_cat","embeddable":true,"href":"https:\/\/njmotion.com\/it\/wp-json\/wp\/v2\/product_cat?post=1579"},{"taxonomy":"product_tag","embeddable":true,"href":"https:\/\/njmotion.com\/it\/wp-json\/wp\/v2\/product_tag?post=1579"}],"curies":[{"name":"wp","href":"https:\/\/api.w.org\/{rel}","templated":true}]}}