{"id":939,"date":"2024-11-09T08:42:47","date_gmt":"2024-11-09T07:42:47","guid":{"rendered":"https:\/\/njmotion.com\/registro-de-afiliados\/"},"modified":"2025-10-16T02:01:30","modified_gmt":"2025-10-16T00:01:30","slug":"registro-de-afiliados","status":"publish","type":"page","link":"https:\/\/njmotion.com\/pt-br\/registro-de-afiliados\/","title":{"rendered":"Registro de afiliados"},"content":{"rendered":"\n\r\n    \r\n    \r\n    \r\n    \r\n      \r\n      <div class=\"wcu-form-section wcu-form-section-free\">\r\n\r\n      \r\n      <p class=\"wcusage-register-form-title\" style=\"font-size: 1.2em;\"><strong>Registrar nova conta Afiliar:<\/strong><\/p>\r\n\r\n      <link rel=\"stylesheet\" href=\"https:\/\/njmotion.com\/wp-content\/plugins\/woo-coupon-usage\/fonts\/font-awesome\/css\/all.min.css\" crossorigin=\"anonymous\">\r\n\r\n      \r\n        \r\n        \r\n          <!-- Form -->\r\n          <div class=\"wcu_form_style_1 wcu_form_style_columns\">\r\n          <form method=\"post\" id=\"wcu_form_affiliate_register\" class=\"wcu_form_affiliate_register\" enctype=\"multipart\/form-data\"\r\n          >\r\n\r\n            \r\n              <p class=\"wcu-register-field-col wcu-register-field-col-1\"><label for=\"wcu-input-first-name\">Primeiro nome:*<\/label>\r\n                <input type=\"text\" id=\"wcu-input-first-name\" name=\"wcu-input-first-name\" class=\"input-text form-control\" value=\"\" style=\"max-width: 300px;\" required>\r\n              <\/p>\r\n\r\n              <p class=\"wcu-register-field-col wcu-register-field-col-2\"><label for=\"wcu-input-last-name\">Sobrenome:*<\/label>\r\n                <input type=\"text\" id=\"wcu-input-last-name\" name=\"wcu-input-last-name\" class=\"input-text form-control\" value=\"\" style=\"max-width: 300px;\" required>\r\n              <\/p>\r\n\r\n                            <p class=\"wcu-register-field-col-username wcu-register-field-col-1\"><label for=\"wcu-input-username\">Nome de usu\u00e1rio:*<\/label>\r\n                <input type=\"text\" id=\"wcu-input-username\" name=\"wcu-input-username\" class=\"input-text form-control\" value=\"\" style=\"max-width: 300px;\" required>\r\n              <\/p>\r\n              \r\n              <p class=\"wcu-register-field-col-email wcu-register-field-col-2\"><label for=\"wcu-input-email\">Endere\u00e7o de email:*<\/label>\r\n                <input type=\"email\" id=\"wcu-input-email\" name=\"wcu-input-email\" class=\"input-text form-control\" value=\"\" style=\"max-width: 300px;\" required>\r\n              <\/p>\r\n\r\n              <div style=\"clear: both;\"><\/div>\r\n\r\n              <p class=\"wcu-register-field-col-password wcu-register-field-col-1\"><label for=\"wcu-input-password\">senha:*<\/label>\r\n                <input type=\"password\" id=\"wcu-input-password\" name=\"wcu-input-password\" class=\"input-text form-control\" value=\"\" style=\"max-width: 300px; display: inline-block;\" required>\r\n              <\/p>\r\n\r\n                            <p class=\"wcu-register-field-col-password-confirm wcu-register-field-col-2\"><label for=\"wcu-input-password-confirm\">Confirmar senha:*<\/label>\r\n                <input type=\"password\" id=\"wcu-input-password-confirm\" name=\"wcu-input-password-confirm\" class=\"input-text form-control\" value=\"\" style=\"max-width: 300px; display: inline-block;\" required>\r\n              <\/p>\r\n              \r\n              <div style=\"clear: both;\"><\/div>\r\n\r\n            \r\n            <!-- Preferred Code -->\r\n                                    <p class=\"wcu-register-field-col\"><label for=\"wcu-input-coupon\">C\u00f3digo de cupom preferencial:*<\/label>\r\n              <input type=\"text\" id=\"wcu-input-coupon\" name=\"wcu-input-coupon\" class=\"input-text form-control\" value=\"\" minlength=\"3\" style=\"max-width: 300px;\" required>\r\n            <\/p>\r\n            \r\n            \r\n                                    <!-- HP -->\r\n            <div style=\"display: none;\">\r\n              <label for=\"wcu-input-hp\">Dont put anything here..<\/label>\r\n              <input type=\"text\" id=\"wcu-input-hp\" name=\"wcu-input-hp\" class=\"input-text\r\n              form-control\" autocomplete=\"off\" value=\"\">\r\n            <\/div>\r\n            \r\n            <!-- Terms -->\r\n                        <div class=\"wcu-reg-terms\">\r\n              <span style=\"margin-top: 1px; margin-right: 7px;\">\r\n                <input type=\"checkbox\" name=\"reg-checkbox\" value=\"check\" id=\"agree\" style=\"margin: 0;\" required><\/span>\r\n              <span style=\"line-height: 1.5em !important;\">He le\u00eddo y acepto la <a href=\"https:\/\/njmotion.com\/politica-privacidad\/\" target=\"_blank\" rel=\"noopener\">pol\u00edtica de privacidad<\/a>.<\/span>\r\n            <\/div>\r\n            \r\n            <div style=\"clear: both;\"><\/div>\r\n\r\n            <!-- Recaptcha -->\r\n                        <div class=\"captcha_wrapper\">\r\n                <div class=\"g-recaptcha\" data-sitekey=\"6LdarHkqAAAAAM1bFR8YxR1HT2LS1os4kJyR_YoD\"><\/div>\r\n            <\/div>\r\n            \r\n            <!-- Turnstile -->\r\n            \r\n            <div style=\"clear: both;\"><\/div>\r\n\r\n            \r\n            <input type=\"hidden\" id=\"wcusage_submit_registration_form1\" name=\"wcusage_submit_registration_form1\" value=\"a60fdc3f97\" \/><input type=\"hidden\" name=\"_wp_http_referer\" value=\"\/pt-br\/wp-json\/wp\/v2\/pages\/939\" \/>            <input type=\"hidden\" id=\"wcusage_submit_registration_form2\" name=\"wcusage_submit_registration_form2\" value=\"e08487e04c\" \/><input type=\"hidden\" name=\"_wp_http_referer\" value=\"\/pt-br\/wp-json\/wp\/v2\/pages\/939\" \/>\r\n            <p class=\"wcu-register-form-button\"><input type=\"submit\" class=\"woocommerce-button button\"  id=\"wcu-register-button\" name=\"submitaffiliateapplication\" value=\"Enviar inscri\u00e7\u00e3o\"><\/p>\r\n\r\n            <i class=\"register-spinner fa fa-spinner fa-spin\" style=\"display: none; text-align: center; margin: 10px auto; font-size: 20px; width: 40px;\"><\/i>\r\n\r\n            \r\n          <\/form>\r\n          <\/div>\r\n\r\n        \r\n      \r\n      \r\n      <\/div>\r\n\r\n    \r\n    \n","protected":false},"excerpt":{"rendered":"Registrar nova conta Afiliar: Primeiro nome:* Sobrenome:* Nome de usu\u00e1rio:* Endere\u00e7o de email:* senha:* Confirmar senha:* C\u00f3digo de cupom preferencial:* Dont put anything here.. He le\u00eddo y acepto la pol\u00edtica...","protected":false},"author":1,"featured_media":0,"parent":0,"menu_order":0,"comment_status":"closed","ping_status":"closed","template":"","meta":{"footnotes":""},"class_list":["post-939","page","type-page","status-publish"],"yoast_head":"<!-- This site is optimized with the Yoast SEO plugin v27.4 - https:\/\/yoast.com\/product\/yoast-seo-wordpress\/ -->\n<title>Registro de afiliados - NjMotion Simulators<\/title>\n<meta name=\"robots\" content=\"index, follow, max-snippet:-1, max-image-preview:large, max-video-preview:-1\" \/>\n<link rel=\"canonical\" href=\"https:\/\/njmotion.com\/pt-br\/registro-de-afiliados\/\" \/>\n<meta property=\"og:locale\" content=\"pt_BR\" \/>\n<meta property=\"og:type\" content=\"article\" \/>\n<meta property=\"og:title\" content=\"Registro de afiliados - NjMotion Simulators\" \/>\n<meta property=\"og:url\" content=\"https:\/\/njmotion.com\/pt-br\/registro-de-afiliados\/\" \/>\n<meta property=\"og:site_name\" content=\"NjMotion Simulators\" \/>\n<meta property=\"article:modified_time\" content=\"2025-10-16T00:01:30+00:00\" \/>\n<meta name=\"twitter:card\" content=\"summary_large_image\" \/>\n<script type=\"application\/ld+json\" class=\"yoast-schema-graph\">{\"@context\":\"https:\\\/\\\/schema.org\",\"@graph\":[{\"@type\":\"WebPage\",\"@id\":\"https:\\\/\\\/njmotion.com\\\/pt-br\\\/registro-de-afiliados\\\/\",\"url\":\"https:\\\/\\\/njmotion.com\\\/pt-br\\\/registro-de-afiliados\\\/\",\"name\":\"Registro de afiliados - NjMotion Simulators\",\"isPartOf\":{\"@id\":\"https:\\\/\\\/njmotion.com\\\/pt-br\\\/#website\"},\"datePublished\":\"2024-11-09T07:42:47+00:00\",\"dateModified\":\"2025-10-16T00:01:30+00:00\",\"breadcrumb\":{\"@id\":\"https:\\\/\\\/njmotion.com\\\/pt-br\\\/registro-de-afiliados\\\/#breadcrumb\"},\"inLanguage\":\"pt-BR\",\"potentialAction\":[{\"@type\":\"ReadAction\",\"target\":[\"https:\\\/\\\/njmotion.com\\\/pt-br\\\/registro-de-afiliados\\\/\"]}]},{\"@type\":\"BreadcrumbList\",\"@id\":\"https:\\\/\\\/njmotion.com\\\/pt-br\\\/registro-de-afiliados\\\/#breadcrumb\",\"itemListElement\":[{\"@type\":\"ListItem\",\"position\":1,\"name\":\"Portada\",\"item\":\"https:\\\/\\\/njmotion.com\\\/pt-br\\\/\"},{\"@type\":\"ListItem\",\"position\":2,\"name\":\"Registro de afiliados\"}]},{\"@type\":\"WebSite\",\"@id\":\"https:\\\/\\\/njmotion.com\\\/pt-br\\\/#website\",\"url\":\"https:\\\/\\\/njmotion.com\\\/pt-br\\\/\",\"name\":\"NjMotion Simulators\",\"description\":\"Simuladores de conducci\u00f3n y vuelo\",\"publisher\":{\"@id\":\"https:\\\/\\\/njmotion.com\\\/pt-br\\\/#organization\"},\"potentialAction\":[{\"@type\":\"SearchAction\",\"target\":{\"@type\":\"EntryPoint\",\"urlTemplate\":\"https:\\\/\\\/njmotion.com\\\/pt-br\\\/?s={search_term_string}\"},\"query-input\":{\"@type\":\"PropertyValueSpecification\",\"valueRequired\":true,\"valueName\":\"search_term_string\"}}],\"inLanguage\":\"pt-BR\"},{\"@type\":\"Organization\",\"@id\":\"https:\\\/\\\/njmotion.com\\\/pt-br\\\/#organization\",\"name\":\"NjMotion Simulators\",\"url\":\"https:\\\/\\\/njmotion.com\\\/pt-br\\\/\",\"logo\":{\"@type\":\"ImageObject\",\"inLanguage\":\"pt-BR\",\"@id\":\"https:\\\/\\\/njmotion.com\\\/pt-br\\\/#\\\/schema\\\/logo\\\/image\\\/\",\"url\":\"https:\\\/\\\/njmotion.com\\\/wp-content\\\/uploads\\\/2024\\\/01\\\/Logo-Nuevo-NjMotion-Enjey-copia-2.png\",\"contentUrl\":\"https:\\\/\\\/njmotion.com\\\/wp-content\\\/uploads\\\/2024\\\/01\\\/Logo-Nuevo-NjMotion-Enjey-copia-2.png\",\"width\":450,\"height\":90,\"caption\":\"NjMotion Simulators\"},\"image\":{\"@id\":\"https:\\\/\\\/njmotion.com\\\/pt-br\\\/#\\\/schema\\\/logo\\\/image\\\/\"}}]}<\/script>\n<!-- \/ Yoast SEO plugin. -->","yoast_head_json":{"title":"Registro de afiliados - NjMotion Simulators","robots":{"index":"index","follow":"follow","max-snippet":"max-snippet:-1","max-image-preview":"max-image-preview:large","max-video-preview":"max-video-preview:-1"},"canonical":"https:\/\/njmotion.com\/pt-br\/registro-de-afiliados\/","og_locale":"pt_BR","og_type":"article","og_title":"Registro de afiliados - NjMotion Simulators","og_url":"https:\/\/njmotion.com\/pt-br\/registro-de-afiliados\/","og_site_name":"NjMotion Simulators","article_modified_time":"2025-10-16T00:01:30+00:00","twitter_card":"summary_large_image","schema":{"@context":"https:\/\/schema.org","@graph":[{"@type":"WebPage","@id":"https:\/\/njmotion.com\/pt-br\/registro-de-afiliados\/","url":"https:\/\/njmotion.com\/pt-br\/registro-de-afiliados\/","name":"Registro de afiliados - NjMotion Simulators","isPartOf":{"@id":"https:\/\/njmotion.com\/pt-br\/#website"},"datePublished":"2024-11-09T07:42:47+00:00","dateModified":"2025-10-16T00:01:30+00:00","breadcrumb":{"@id":"https:\/\/njmotion.com\/pt-br\/registro-de-afiliados\/#breadcrumb"},"inLanguage":"pt-BR","potentialAction":[{"@type":"ReadAction","target":["https:\/\/njmotion.com\/pt-br\/registro-de-afiliados\/"]}]},{"@type":"BreadcrumbList","@id":"https:\/\/njmotion.com\/pt-br\/registro-de-afiliados\/#breadcrumb","itemListElement":[{"@type":"ListItem","position":1,"name":"Portada","item":"https:\/\/njmotion.com\/pt-br\/"},{"@type":"ListItem","position":2,"name":"Registro de afiliados"}]},{"@type":"WebSite","@id":"https:\/\/njmotion.com\/pt-br\/#website","url":"https:\/\/njmotion.com\/pt-br\/","name":"NjMotion Simulators","description":"Simuladores de conducci\u00f3n y vuelo","publisher":{"@id":"https:\/\/njmotion.com\/pt-br\/#organization"},"potentialAction":[{"@type":"SearchAction","target":{"@type":"EntryPoint","urlTemplate":"https:\/\/njmotion.com\/pt-br\/?s={search_term_string}"},"query-input":{"@type":"PropertyValueSpecification","valueRequired":true,"valueName":"search_term_string"}}],"inLanguage":"pt-BR"},{"@type":"Organization","@id":"https:\/\/njmotion.com\/pt-br\/#organization","name":"NjMotion Simulators","url":"https:\/\/njmotion.com\/pt-br\/","logo":{"@type":"ImageObject","inLanguage":"pt-BR","@id":"https:\/\/njmotion.com\/pt-br\/#\/schema\/logo\/image\/","url":"https:\/\/njmotion.com\/wp-content\/uploads\/2024\/01\/Logo-Nuevo-NjMotion-Enjey-copia-2.png","contentUrl":"https:\/\/njmotion.com\/wp-content\/uploads\/2024\/01\/Logo-Nuevo-NjMotion-Enjey-copia-2.png","width":450,"height":90,"caption":"NjMotion Simulators"},"image":{"@id":"https:\/\/njmotion.com\/pt-br\/#\/schema\/logo\/image\/"}}]}},"_links":{"self":[{"href":"https:\/\/njmotion.com\/pt-br\/wp-json\/wp\/v2\/pages\/939","targetHints":{"allow":["GET"]}}],"collection":[{"href":"https:\/\/njmotion.com\/pt-br\/wp-json\/wp\/v2\/pages"}],"about":[{"href":"https:\/\/njmotion.com\/pt-br\/wp-json\/wp\/v2\/types\/page"}],"author":[{"embeddable":true,"href":"https:\/\/njmotion.com\/pt-br\/wp-json\/wp\/v2\/users\/1"}],"replies":[{"embeddable":true,"href":"https:\/\/njmotion.com\/pt-br\/wp-json\/wp\/v2\/comments?post=939"}],"version-history":[{"count":0,"href":"https:\/\/njmotion.com\/pt-br\/wp-json\/wp\/v2\/pages\/939\/revisions"}],"wp:attachment":[{"href":"https:\/\/njmotion.com\/pt-br\/wp-json\/wp\/v2\/media?parent=939"}],"curies":[{"name":"wp","href":"https:\/\/api.w.org\/{rel}","templated":true}]}}