{"id":1471,"date":"2024-03-18T09:53:29","date_gmt":"2024-03-18T09:53:29","guid":{"rendered":"https:\/\/njmotion.com\/producto\/compact-evo-al\/"},"modified":"2024-03-18T09:53:29","modified_gmt":"2024-03-18T08:53:29","slug":"compact-evo-al","status":"publish","type":"product","link":"https:\/\/njmotion.com\/pt-br\/producto\/compact-evo-al\/","title":{"rendered":"Compact &#8211; Evo AL"},"content":{"rendered":"<p>Uma plataforma propriet\u00e1ria desenvolvida em colabora\u00e7\u00e3o com os principais especialistas em engenharia de movimento.<br \/>\nProjetada para proporcionar movimentos r\u00e1pidos, fluidos e realistas, gra\u00e7as ao uso de perfis de movimento profissionais e software de motor de \u00faltima gera\u00e7\u00e3o.<br \/>\nApesar de ser uma das plataformas mais compactas do mercado, seu desempenho \u00e9 extraordinariamente potente. Ela se encaixa perfeitamente no espa\u00e7o atual do seu cockpit sem exigir espa\u00e7o adicional.<br \/>\nCom capacidade para usu\u00e1rios de at\u00e9 130 kg ou 285 lb, \u00e9 f\u00e1cil de usar gra\u00e7as ao seu software de gerenciamento que permite uma configura\u00e7\u00e3o r\u00e1pida e f\u00e1cil.<br \/>\nDevido \u00e0 sua constru\u00e7\u00e3o mec\u00e2nica, o sistema permanecer\u00e1 est\u00e1vel mesmo quando desligado.<br \/>\n\u00c9 um dos mais silenciosos gra\u00e7as aos seus componentes, aos quais dedicamos muita aten\u00e7\u00e3o.<br \/>\nFabricado na Europa com os mais altos padr\u00f5es de qualidade, com garantia de 3 anos, com deslocamento angular m\u00e1ximo para inclina\u00e7\u00e3o e rota\u00e7\u00e3o de +\/- 10\u00b0 e velocidade m\u00e1xima de 20\u00b0\/s.<\/p>\n","protected":false},"excerpt":{"rendered":"<p>A Plataforma de Movimento Compacta EVO em Alum\u00ednio transcende a categoria de simulador de movimento simples; \u00e9 o seu ingresso para o cockpit de um carro de corrida ou para o assento do piloto. Ela reproduz autenticamente as sensa\u00e7\u00f5es de inclina\u00e7\u00e3o e rota\u00e7\u00e3o, mergulhando voc\u00ea no centro da a\u00e7\u00e3o. Nosso pacote completo oferece uma experi\u00eancia de simula\u00e7\u00e3o completa.  <\/p>\n","protected":false},"featured_media":1468,"comment_status":"open","ping_status":"closed","template":"","meta":[],"product_brand":[],"product_cat":[42],"product_tag":[],"class_list":{"0":"post-1471","1":"product","2":"type-product","3":"status-publish","4":"has-post-thumbnail","6":"product_cat-estrutura-de-sim-racing","8":"first","9":"instock","10":"shipping-taxable","11":"purchasable","12":"product-type-simple"},"yoast_head":"<!-- This site is optimized with the Yoast SEO plugin v27.5 - https:\/\/yoast.com\/product\/yoast-seo-wordpress\/ -->\n<title>Compact - Evo AL - NjMotion Simulators<\/title>\n<meta name=\"robots\" content=\"index, follow, max-snippet:-1, max-image-preview:large, max-video-preview:-1\" \/>\n<link rel=\"canonical\" href=\"https:\/\/njmotion.com\/pt-br\/producto\/compact-evo-al\/\" \/>\n<meta property=\"og:locale\" content=\"pt_BR\" \/>\n<meta property=\"og:type\" content=\"article\" \/>\n<meta property=\"og:title\" content=\"Compact - Evo AL - NjMotion Simulators\" \/>\n<meta property=\"og:description\" content=\"A Plataforma de Movimento Compacta EVO em Alum\u00ednio transcende a categoria de simulador de movimento simples; \u00e9 o seu ingresso para o cockpit de um carro de corrida ou para o assento do piloto. Ela reproduz autenticamente as sensa\u00e7\u00f5es de inclina\u00e7\u00e3o e rota\u00e7\u00e3o, mergulhando voc\u00ea no centro da a\u00e7\u00e3o. Nosso pacote completo oferece uma experi\u00eancia de simula\u00e7\u00e3o completa.\" \/>\n<meta property=\"og:url\" content=\"https:\/\/njmotion.com\/pt-br\/producto\/compact-evo-al\/\" \/>\n<meta property=\"og:site_name\" content=\"NjMotion Simulators\" \/>\n<meta property=\"og:image\" content=\"https:\/\/njmotion.com\/wp-content\/uploads\/2024\/03\/compactevoal.jpg\" \/>\n\t<meta property=\"og:image:width\" content=\"600\" \/>\n\t<meta property=\"og:image:height\" content=\"439\" \/>\n\t<meta property=\"og:image:type\" content=\"image\/jpeg\" \/>\n<meta name=\"twitter:card\" content=\"summary_large_image\" \/>\n<meta name=\"twitter:label1\" content=\"Est. tempo de leitura\" \/>\n\t<meta name=\"twitter:data1\" content=\"1 minuto\" \/>\n<script type=\"application\/ld+json\" class=\"yoast-schema-graph\">{\"@context\":\"https:\\\/\\\/schema.org\",\"@graph\":[{\"@type\":\"WebPage\",\"@id\":\"https:\\\/\\\/njmotion.com\\\/pt-br\\\/producto\\\/compact-evo-al\\\/\",\"url\":\"https:\\\/\\\/njmotion.com\\\/pt-br\\\/producto\\\/compact-evo-al\\\/\",\"name\":\"Compact - Evo AL - NjMotion Simulators\",\"isPartOf\":{\"@id\":\"https:\\\/\\\/njmotion.com\\\/pt-br\\\/#website\"},\"primaryImageOfPage\":{\"@id\":\"https:\\\/\\\/njmotion.com\\\/pt-br\\\/producto\\\/compact-evo-al\\\/#primaryimage\"},\"image\":{\"@id\":\"https:\\\/\\\/njmotion.com\\\/pt-br\\\/producto\\\/compact-evo-al\\\/#primaryimage\"},\"thumbnailUrl\":\"https:\\\/\\\/njmotion.com\\\/wp-content\\\/uploads\\\/2024\\\/03\\\/compactevoal.jpg\",\"datePublished\":\"2024-03-18T09:53:29+00:00\",\"breadcrumb\":{\"@id\":\"https:\\\/\\\/njmotion.com\\\/pt-br\\\/producto\\\/compact-evo-al\\\/#breadcrumb\"},\"inLanguage\":\"pt-BR\",\"potentialAction\":[{\"@type\":\"ReadAction\",\"target\":[\"https:\\\/\\\/njmotion.com\\\/pt-br\\\/producto\\\/compact-evo-al\\\/\"]}]},{\"@type\":\"ImageObject\",\"inLanguage\":\"pt-BR\",\"@id\":\"https:\\\/\\\/njmotion.com\\\/pt-br\\\/producto\\\/compact-evo-al\\\/#primaryimage\",\"url\":\"https:\\\/\\\/njmotion.com\\\/wp-content\\\/uploads\\\/2024\\\/03\\\/compactevoal.jpg\",\"contentUrl\":\"https:\\\/\\\/njmotion.com\\\/wp-content\\\/uploads\\\/2024\\\/03\\\/compactevoal.jpg\",\"width\":600,\"height\":439,\"caption\":\"simuladores de dire\u00e7\u00e3o\"},{\"@type\":\"BreadcrumbList\",\"@id\":\"https:\\\/\\\/njmotion.com\\\/pt-br\\\/producto\\\/compact-evo-al\\\/#breadcrumb\",\"itemListElement\":[{\"@type\":\"ListItem\",\"position\":1,\"name\":\"Portada\",\"item\":\"https:\\\/\\\/njmotion.com\\\/pt-br\\\/\"},{\"@type\":\"ListItem\",\"position\":2,\"name\":\"Loja\",\"item\":\"https:\\\/\\\/njmotion.com\\\/tienda\\\/\"},{\"@type\":\"ListItem\",\"position\":3,\"name\":\"Compact &#8211; Evo AL\"}]},{\"@type\":\"WebSite\",\"@id\":\"https:\\\/\\\/njmotion.com\\\/pt-br\\\/#website\",\"url\":\"https:\\\/\\\/njmotion.com\\\/pt-br\\\/\",\"name\":\"NjMotion Simulators\",\"description\":\"Simuladores de conducci\u00f3n y vuelo\",\"publisher\":{\"@id\":\"https:\\\/\\\/njmotion.com\\\/pt-br\\\/#organization\"},\"potentialAction\":[{\"@type\":\"SearchAction\",\"target\":{\"@type\":\"EntryPoint\",\"urlTemplate\":\"https:\\\/\\\/njmotion.com\\\/pt-br\\\/?s={search_term_string}\"},\"query-input\":{\"@type\":\"PropertyValueSpecification\",\"valueRequired\":true,\"valueName\":\"search_term_string\"}}],\"inLanguage\":\"pt-BR\"},{\"@type\":\"Organization\",\"@id\":\"https:\\\/\\\/njmotion.com\\\/pt-br\\\/#organization\",\"name\":\"NjMotion Simulators\",\"url\":\"https:\\\/\\\/njmotion.com\\\/pt-br\\\/\",\"logo\":{\"@type\":\"ImageObject\",\"inLanguage\":\"pt-BR\",\"@id\":\"https:\\\/\\\/njmotion.com\\\/pt-br\\\/#\\\/schema\\\/logo\\\/image\\\/\",\"url\":\"https:\\\/\\\/njmotion.com\\\/wp-content\\\/uploads\\\/2024\\\/01\\\/Logo-Nuevo-NjMotion-Enjey-copia-2.png\",\"contentUrl\":\"https:\\\/\\\/njmotion.com\\\/wp-content\\\/uploads\\\/2024\\\/01\\\/Logo-Nuevo-NjMotion-Enjey-copia-2.png\",\"width\":450,\"height\":90,\"caption\":\"NjMotion Simulators\"},\"image\":{\"@id\":\"https:\\\/\\\/njmotion.com\\\/pt-br\\\/#\\\/schema\\\/logo\\\/image\\\/\"}}]}<\/script>\n<!-- \/ Yoast SEO plugin. -->","yoast_head_json":{"title":"Compact - Evo AL - NjMotion Simulators","robots":{"index":"index","follow":"follow","max-snippet":"max-snippet:-1","max-image-preview":"max-image-preview:large","max-video-preview":"max-video-preview:-1"},"canonical":"https:\/\/njmotion.com\/pt-br\/producto\/compact-evo-al\/","og_locale":"pt_BR","og_type":"article","og_title":"Compact - Evo AL - NjMotion Simulators","og_description":"A Plataforma de Movimento Compacta EVO em Alum\u00ednio transcende a categoria de simulador de movimento simples; \u00e9 o seu ingresso para o cockpit de um carro de corrida ou para o assento do piloto. Ela reproduz autenticamente as sensa\u00e7\u00f5es de inclina\u00e7\u00e3o e rota\u00e7\u00e3o, mergulhando voc\u00ea no centro da a\u00e7\u00e3o. Nosso pacote completo oferece uma experi\u00eancia de simula\u00e7\u00e3o completa.","og_url":"https:\/\/njmotion.com\/pt-br\/producto\/compact-evo-al\/","og_site_name":"NjMotion Simulators","og_image":[{"width":600,"height":439,"url":"https:\/\/njmotion.com\/wp-content\/uploads\/2024\/03\/compactevoal.jpg","type":"image\/jpeg"}],"twitter_card":"summary_large_image","twitter_misc":{"Est. tempo de leitura":"1 minuto"},"schema":{"@context":"https:\/\/schema.org","@graph":[{"@type":"WebPage","@id":"https:\/\/njmotion.com\/pt-br\/producto\/compact-evo-al\/","url":"https:\/\/njmotion.com\/pt-br\/producto\/compact-evo-al\/","name":"Compact - Evo AL - NjMotion Simulators","isPartOf":{"@id":"https:\/\/njmotion.com\/pt-br\/#website"},"primaryImageOfPage":{"@id":"https:\/\/njmotion.com\/pt-br\/producto\/compact-evo-al\/#primaryimage"},"image":{"@id":"https:\/\/njmotion.com\/pt-br\/producto\/compact-evo-al\/#primaryimage"},"thumbnailUrl":"https:\/\/njmotion.com\/wp-content\/uploads\/2024\/03\/compactevoal.jpg","datePublished":"2024-03-18T09:53:29+00:00","breadcrumb":{"@id":"https:\/\/njmotion.com\/pt-br\/producto\/compact-evo-al\/#breadcrumb"},"inLanguage":"pt-BR","potentialAction":[{"@type":"ReadAction","target":["https:\/\/njmotion.com\/pt-br\/producto\/compact-evo-al\/"]}]},{"@type":"ImageObject","inLanguage":"pt-BR","@id":"https:\/\/njmotion.com\/pt-br\/producto\/compact-evo-al\/#primaryimage","url":"https:\/\/njmotion.com\/wp-content\/uploads\/2024\/03\/compactevoal.jpg","contentUrl":"https:\/\/njmotion.com\/wp-content\/uploads\/2024\/03\/compactevoal.jpg","width":600,"height":439,"caption":"simuladores de dire\u00e7\u00e3o"},{"@type":"BreadcrumbList","@id":"https:\/\/njmotion.com\/pt-br\/producto\/compact-evo-al\/#breadcrumb","itemListElement":[{"@type":"ListItem","position":1,"name":"Portada","item":"https:\/\/njmotion.com\/pt-br\/"},{"@type":"ListItem","position":2,"name":"Loja","item":"https:\/\/njmotion.com\/tienda\/"},{"@type":"ListItem","position":3,"name":"Compact &#8211; Evo AL"}]},{"@type":"WebSite","@id":"https:\/\/njmotion.com\/pt-br\/#website","url":"https:\/\/njmotion.com\/pt-br\/","name":"NjMotion Simulators","description":"Simuladores de conducci\u00f3n y vuelo","publisher":{"@id":"https:\/\/njmotion.com\/pt-br\/#organization"},"potentialAction":[{"@type":"SearchAction","target":{"@type":"EntryPoint","urlTemplate":"https:\/\/njmotion.com\/pt-br\/?s={search_term_string}"},"query-input":{"@type":"PropertyValueSpecification","valueRequired":true,"valueName":"search_term_string"}}],"inLanguage":"pt-BR"},{"@type":"Organization","@id":"https:\/\/njmotion.com\/pt-br\/#organization","name":"NjMotion Simulators","url":"https:\/\/njmotion.com\/pt-br\/","logo":{"@type":"ImageObject","inLanguage":"pt-BR","@id":"https:\/\/njmotion.com\/pt-br\/#\/schema\/logo\/image\/","url":"https:\/\/njmotion.com\/wp-content\/uploads\/2024\/01\/Logo-Nuevo-NjMotion-Enjey-copia-2.png","contentUrl":"https:\/\/njmotion.com\/wp-content\/uploads\/2024\/01\/Logo-Nuevo-NjMotion-Enjey-copia-2.png","width":450,"height":90,"caption":"NjMotion Simulators"},"image":{"@id":"https:\/\/njmotion.com\/pt-br\/#\/schema\/logo\/image\/"}}]}},"_links":{"self":[{"href":"https:\/\/njmotion.com\/pt-br\/wp-json\/wp\/v2\/product\/1471","targetHints":{"allow":["GET"]}}],"collection":[{"href":"https:\/\/njmotion.com\/pt-br\/wp-json\/wp\/v2\/product"}],"about":[{"href":"https:\/\/njmotion.com\/pt-br\/wp-json\/wp\/v2\/types\/product"}],"replies":[{"embeddable":true,"href":"https:\/\/njmotion.com\/pt-br\/wp-json\/wp\/v2\/comments?post=1471"}],"wp:featuredmedia":[{"embeddable":true,"href":"https:\/\/njmotion.com\/pt-br\/wp-json\/wp\/v2\/media\/1468"}],"wp:attachment":[{"href":"https:\/\/njmotion.com\/pt-br\/wp-json\/wp\/v2\/media?parent=1471"}],"wp:term":[{"taxonomy":"product_brand","embeddable":true,"href":"https:\/\/njmotion.com\/pt-br\/wp-json\/wp\/v2\/product_brand?post=1471"},{"taxonomy":"product_cat","embeddable":true,"href":"https:\/\/njmotion.com\/pt-br\/wp-json\/wp\/v2\/product_cat?post=1471"},{"taxonomy":"product_tag","embeddable":true,"href":"https:\/\/njmotion.com\/pt-br\/wp-json\/wp\/v2\/product_tag?post=1471"}],"curies":[{"name":"wp","href":"https:\/\/api.w.org\/{rel}","templated":true}]}}