{"id":1681,"date":"2024-03-18T09:33:08","date_gmt":"2024-03-18T09:33:08","guid":{"rendered":"https:\/\/njmotion.com\/producto\/pecas-de-adaptacao-do-cockpit\/"},"modified":"2024-03-18T09:33:08","modified_gmt":"2024-03-18T08:33:08","slug":"pecas-de-adaptacao-do-cockpit","status":"publish","type":"product","link":"https:\/\/njmotion.com\/pt-br\/producto\/pecas-de-adaptacao-do-cockpit\/","title":{"rendered":"Pe\u00e7as de adapta\u00e7\u00e3o do cockpit"},"content":{"rendered":"","protected":false},"excerpt":{"rendered":"<div id=\"description\" class=\"tab-pane fade in active\">\n<div class=\"product-description\">\n<p>Pe\u00e7as necess\u00e1rias para adaptar a base Compact a outro cockpit.<\/p>\n<p>Essas pe\u00e7as s\u00e3o feitas sob medida para diferentes cockpits e, com exce\u00e7\u00e3o das mais utilizadas, levar\u00e3o alguns dias para serem fabricadas. Para isso, voc\u00ea ser\u00e1 solicitado a fornecer diversas medidas exatas. <\/p>\n<div class=\"product-reference\">Refer\u00eancia NJM0029<\/div>\n<\/div>\n<\/div>\n","protected":false},"featured_media":188,"comment_status":"open","ping_status":"closed","template":"","meta":[],"product_brand":[],"product_cat":[52],"product_tag":[],"class_list":{"0":"post-1681","1":"product","2":"type-product","3":"status-publish","4":"has-post-thumbnail","6":"product_cat-acessorios","8":"first","9":"instock","10":"shipping-taxable","11":"purchasable","12":"product-type-simple"},"yoast_head":"<!-- This site is optimized with the Yoast SEO plugin v27.4 - https:\/\/yoast.com\/product\/yoast-seo-wordpress\/ -->\n<title>Pe\u00e7as de adapta\u00e7\u00e3o do cockpit - NjMotion Simulators<\/title>\n<meta name=\"robots\" content=\"index, follow, max-snippet:-1, max-image-preview:large, max-video-preview:-1\" \/>\n<link rel=\"canonical\" href=\"https:\/\/njmotion.com\/pt-br\/producto\/pecas-de-adaptacao-do-cockpit\/\" \/>\n<meta property=\"og:locale\" content=\"pt_BR\" \/>\n<meta property=\"og:type\" content=\"article\" \/>\n<meta property=\"og:title\" content=\"Pe\u00e7as de adapta\u00e7\u00e3o do cockpit - NjMotion Simulators\" \/>\n<meta property=\"og:description\" content=\"Pe\u00e7as necess\u00e1rias para adaptar a base Compact a outro cockpit. Essas pe\u00e7as s\u00e3o feitas sob medida para diferentes cockpits e, com exce\u00e7\u00e3o das mais utilizadas, levar\u00e3o alguns dias para serem fabricadas. Para isso, voc\u00ea ser\u00e1 solicitado a fornecer diversas medidas exatas. Refer\u00eancia NJM0029\" \/>\n<meta property=\"og:url\" content=\"https:\/\/njmotion.com\/pt-br\/producto\/pecas-de-adaptacao-do-cockpit\/\" \/>\n<meta property=\"og:site_name\" content=\"NjMotion Simulators\" \/>\n<meta property=\"og:image\" content=\"https:\/\/njmotion.com\/wp-content\/uploads\/2024\/03\/piezas-de-adaptacion-a-cockpits.jpg\" \/>\n\t<meta property=\"og:image:width\" content=\"600\" \/>\n\t<meta property=\"og:image:height\" content=\"439\" \/>\n\t<meta property=\"og:image:type\" content=\"image\/jpeg\" \/>\n<meta name=\"twitter:card\" content=\"summary_large_image\" \/>\n<script type=\"application\/ld+json\" class=\"yoast-schema-graph\">{\"@context\":\"https:\\\/\\\/schema.org\",\"@graph\":[{\"@type\":\"WebPage\",\"@id\":\"https:\\\/\\\/njmotion.com\\\/pt-br\\\/producto\\\/pecas-de-adaptacao-do-cockpit\\\/\",\"url\":\"https:\\\/\\\/njmotion.com\\\/pt-br\\\/producto\\\/pecas-de-adaptacao-do-cockpit\\\/\",\"name\":\"Pe\u00e7as de adapta\u00e7\u00e3o do cockpit - NjMotion Simulators\",\"isPartOf\":{\"@id\":\"https:\\\/\\\/njmotion.com\\\/pt-br\\\/#website\"},\"primaryImageOfPage\":{\"@id\":\"https:\\\/\\\/njmotion.com\\\/pt-br\\\/producto\\\/pecas-de-adaptacao-do-cockpit\\\/#primaryimage\"},\"image\":{\"@id\":\"https:\\\/\\\/njmotion.com\\\/pt-br\\\/producto\\\/pecas-de-adaptacao-do-cockpit\\\/#primaryimage\"},\"thumbnailUrl\":\"https:\\\/\\\/njmotion.com\\\/wp-content\\\/uploads\\\/2024\\\/03\\\/piezas-de-adaptacion-a-cockpits.jpg\",\"datePublished\":\"2024-03-18T09:33:08+00:00\",\"breadcrumb\":{\"@id\":\"https:\\\/\\\/njmotion.com\\\/pt-br\\\/producto\\\/pecas-de-adaptacao-do-cockpit\\\/#breadcrumb\"},\"inLanguage\":\"pt-BR\",\"potentialAction\":[{\"@type\":\"ReadAction\",\"target\":[\"https:\\\/\\\/njmotion.com\\\/pt-br\\\/producto\\\/pecas-de-adaptacao-do-cockpit\\\/\"]}]},{\"@type\":\"ImageObject\",\"inLanguage\":\"pt-BR\",\"@id\":\"https:\\\/\\\/njmotion.com\\\/pt-br\\\/producto\\\/pecas-de-adaptacao-do-cockpit\\\/#primaryimage\",\"url\":\"https:\\\/\\\/njmotion.com\\\/wp-content\\\/uploads\\\/2024\\\/03\\\/piezas-de-adaptacion-a-cockpits.jpg\",\"contentUrl\":\"https:\\\/\\\/njmotion.com\\\/wp-content\\\/uploads\\\/2024\\\/03\\\/piezas-de-adaptacion-a-cockpits.jpg\",\"width\":600,\"height\":439,\"caption\":\"soportes\"},{\"@type\":\"BreadcrumbList\",\"@id\":\"https:\\\/\\\/njmotion.com\\\/pt-br\\\/producto\\\/pecas-de-adaptacao-do-cockpit\\\/#breadcrumb\",\"itemListElement\":[{\"@type\":\"ListItem\",\"position\":1,\"name\":\"Portada\",\"item\":\"https:\\\/\\\/njmotion.com\\\/pt-br\\\/\"},{\"@type\":\"ListItem\",\"position\":2,\"name\":\"Loja\",\"item\":\"https:\\\/\\\/njmotion.com\\\/tienda\\\/\"},{\"@type\":\"ListItem\",\"position\":3,\"name\":\"Pe\u00e7as de adapta\u00e7\u00e3o do cockpit\"}]},{\"@type\":\"WebSite\",\"@id\":\"https:\\\/\\\/njmotion.com\\\/pt-br\\\/#website\",\"url\":\"https:\\\/\\\/njmotion.com\\\/pt-br\\\/\",\"name\":\"NjMotion Simulators\",\"description\":\"Simuladores de conducci\u00f3n y vuelo\",\"publisher\":{\"@id\":\"https:\\\/\\\/njmotion.com\\\/pt-br\\\/#organization\"},\"potentialAction\":[{\"@type\":\"SearchAction\",\"target\":{\"@type\":\"EntryPoint\",\"urlTemplate\":\"https:\\\/\\\/njmotion.com\\\/pt-br\\\/?s={search_term_string}\"},\"query-input\":{\"@type\":\"PropertyValueSpecification\",\"valueRequired\":true,\"valueName\":\"search_term_string\"}}],\"inLanguage\":\"pt-BR\"},{\"@type\":\"Organization\",\"@id\":\"https:\\\/\\\/njmotion.com\\\/pt-br\\\/#organization\",\"name\":\"NjMotion Simulators\",\"url\":\"https:\\\/\\\/njmotion.com\\\/pt-br\\\/\",\"logo\":{\"@type\":\"ImageObject\",\"inLanguage\":\"pt-BR\",\"@id\":\"https:\\\/\\\/njmotion.com\\\/pt-br\\\/#\\\/schema\\\/logo\\\/image\\\/\",\"url\":\"https:\\\/\\\/njmotion.com\\\/wp-content\\\/uploads\\\/2024\\\/01\\\/Logo-Nuevo-NjMotion-Enjey-copia-2.png\",\"contentUrl\":\"https:\\\/\\\/njmotion.com\\\/wp-content\\\/uploads\\\/2024\\\/01\\\/Logo-Nuevo-NjMotion-Enjey-copia-2.png\",\"width\":450,\"height\":90,\"caption\":\"NjMotion Simulators\"},\"image\":{\"@id\":\"https:\\\/\\\/njmotion.com\\\/pt-br\\\/#\\\/schema\\\/logo\\\/image\\\/\"}}]}<\/script>\n<!-- \/ Yoast SEO plugin. -->","yoast_head_json":{"title":"Pe\u00e7as de adapta\u00e7\u00e3o do cockpit - NjMotion Simulators","robots":{"index":"index","follow":"follow","max-snippet":"max-snippet:-1","max-image-preview":"max-image-preview:large","max-video-preview":"max-video-preview:-1"},"canonical":"https:\/\/njmotion.com\/pt-br\/producto\/pecas-de-adaptacao-do-cockpit\/","og_locale":"pt_BR","og_type":"article","og_title":"Pe\u00e7as de adapta\u00e7\u00e3o do cockpit - NjMotion Simulators","og_description":"Pe\u00e7as necess\u00e1rias para adaptar a base Compact a outro cockpit. Essas pe\u00e7as s\u00e3o feitas sob medida para diferentes cockpits e, com exce\u00e7\u00e3o das mais utilizadas, levar\u00e3o alguns dias para serem fabricadas. Para isso, voc\u00ea ser\u00e1 solicitado a fornecer diversas medidas exatas. Refer\u00eancia NJM0029","og_url":"https:\/\/njmotion.com\/pt-br\/producto\/pecas-de-adaptacao-do-cockpit\/","og_site_name":"NjMotion Simulators","og_image":[{"width":600,"height":439,"url":"https:\/\/njmotion.com\/wp-content\/uploads\/2024\/03\/piezas-de-adaptacion-a-cockpits.jpg","type":"image\/jpeg"}],"twitter_card":"summary_large_image","schema":{"@context":"https:\/\/schema.org","@graph":[{"@type":"WebPage","@id":"https:\/\/njmotion.com\/pt-br\/producto\/pecas-de-adaptacao-do-cockpit\/","url":"https:\/\/njmotion.com\/pt-br\/producto\/pecas-de-adaptacao-do-cockpit\/","name":"Pe\u00e7as de adapta\u00e7\u00e3o do cockpit - NjMotion Simulators","isPartOf":{"@id":"https:\/\/njmotion.com\/pt-br\/#website"},"primaryImageOfPage":{"@id":"https:\/\/njmotion.com\/pt-br\/producto\/pecas-de-adaptacao-do-cockpit\/#primaryimage"},"image":{"@id":"https:\/\/njmotion.com\/pt-br\/producto\/pecas-de-adaptacao-do-cockpit\/#primaryimage"},"thumbnailUrl":"https:\/\/njmotion.com\/wp-content\/uploads\/2024\/03\/piezas-de-adaptacion-a-cockpits.jpg","datePublished":"2024-03-18T09:33:08+00:00","breadcrumb":{"@id":"https:\/\/njmotion.com\/pt-br\/producto\/pecas-de-adaptacao-do-cockpit\/#breadcrumb"},"inLanguage":"pt-BR","potentialAction":[{"@type":"ReadAction","target":["https:\/\/njmotion.com\/pt-br\/producto\/pecas-de-adaptacao-do-cockpit\/"]}]},{"@type":"ImageObject","inLanguage":"pt-BR","@id":"https:\/\/njmotion.com\/pt-br\/producto\/pecas-de-adaptacao-do-cockpit\/#primaryimage","url":"https:\/\/njmotion.com\/wp-content\/uploads\/2024\/03\/piezas-de-adaptacion-a-cockpits.jpg","contentUrl":"https:\/\/njmotion.com\/wp-content\/uploads\/2024\/03\/piezas-de-adaptacion-a-cockpits.jpg","width":600,"height":439,"caption":"soportes"},{"@type":"BreadcrumbList","@id":"https:\/\/njmotion.com\/pt-br\/producto\/pecas-de-adaptacao-do-cockpit\/#breadcrumb","itemListElement":[{"@type":"ListItem","position":1,"name":"Portada","item":"https:\/\/njmotion.com\/pt-br\/"},{"@type":"ListItem","position":2,"name":"Loja","item":"https:\/\/njmotion.com\/tienda\/"},{"@type":"ListItem","position":3,"name":"Pe\u00e7as de adapta\u00e7\u00e3o do cockpit"}]},{"@type":"WebSite","@id":"https:\/\/njmotion.com\/pt-br\/#website","url":"https:\/\/njmotion.com\/pt-br\/","name":"NjMotion Simulators","description":"Simuladores de conducci\u00f3n y vuelo","publisher":{"@id":"https:\/\/njmotion.com\/pt-br\/#organization"},"potentialAction":[{"@type":"SearchAction","target":{"@type":"EntryPoint","urlTemplate":"https:\/\/njmotion.com\/pt-br\/?s={search_term_string}"},"query-input":{"@type":"PropertyValueSpecification","valueRequired":true,"valueName":"search_term_string"}}],"inLanguage":"pt-BR"},{"@type":"Organization","@id":"https:\/\/njmotion.com\/pt-br\/#organization","name":"NjMotion Simulators","url":"https:\/\/njmotion.com\/pt-br\/","logo":{"@type":"ImageObject","inLanguage":"pt-BR","@id":"https:\/\/njmotion.com\/pt-br\/#\/schema\/logo\/image\/","url":"https:\/\/njmotion.com\/wp-content\/uploads\/2024\/01\/Logo-Nuevo-NjMotion-Enjey-copia-2.png","contentUrl":"https:\/\/njmotion.com\/wp-content\/uploads\/2024\/01\/Logo-Nuevo-NjMotion-Enjey-copia-2.png","width":450,"height":90,"caption":"NjMotion Simulators"},"image":{"@id":"https:\/\/njmotion.com\/pt-br\/#\/schema\/logo\/image\/"}}]}},"_links":{"self":[{"href":"https:\/\/njmotion.com\/pt-br\/wp-json\/wp\/v2\/product\/1681","targetHints":{"allow":["GET"]}}],"collection":[{"href":"https:\/\/njmotion.com\/pt-br\/wp-json\/wp\/v2\/product"}],"about":[{"href":"https:\/\/njmotion.com\/pt-br\/wp-json\/wp\/v2\/types\/product"}],"replies":[{"embeddable":true,"href":"https:\/\/njmotion.com\/pt-br\/wp-json\/wp\/v2\/comments?post=1681"}],"wp:featuredmedia":[{"embeddable":true,"href":"https:\/\/njmotion.com\/pt-br\/wp-json\/wp\/v2\/media\/188"}],"wp:attachment":[{"href":"https:\/\/njmotion.com\/pt-br\/wp-json\/wp\/v2\/media?parent=1681"}],"wp:term":[{"taxonomy":"product_brand","embeddable":true,"href":"https:\/\/njmotion.com\/pt-br\/wp-json\/wp\/v2\/product_brand?post=1681"},{"taxonomy":"product_cat","embeddable":true,"href":"https:\/\/njmotion.com\/pt-br\/wp-json\/wp\/v2\/product_cat?post=1681"},{"taxonomy":"product_tag","embeddable":true,"href":"https:\/\/njmotion.com\/pt-br\/wp-json\/wp\/v2\/product_tag?post=1681"}],"curies":[{"name":"wp","href":"https:\/\/api.w.org\/{rel}","templated":true}]}}