{"id":1705,"date":"2024-03-18T09:29:30","date_gmt":"2024-03-18T09:29:30","guid":{"rendered":"https:\/\/njmotion.com\/producto\/potenciometros-externos-para-compact-r-e-evo\/"},"modified":"2025-10-17T16:01:06","modified_gmt":"2025-10-17T14:01:06","slug":"potenciometros-externos-para-compact-r-e-evo","status":"publish","type":"product","link":"https:\/\/njmotion.com\/pt-br\/producto\/potenciometros-externos-para-compact-r-e-evo\/","title":{"rendered":"Potenci\u00f4metros externos para Compact-R e Evo"},"content":{"rendered":"","protected":false},"excerpt":{"rendered":"<p>Um regula a velocidade, outro a acelera\u00e7\u00e3o ou a inclina\u00e7\u00e3o. Voc\u00ea pode modificar esses tr\u00eas fatores sem acessar o software, simplesmente usando os potenci\u00f4metros. Os potenci\u00f4metros est\u00e3o dispon\u00edveis para o Compact R e o Evo.  <\/p>\n","protected":false},"featured_media":531,"comment_status":"open","ping_status":"closed","template":"","meta":[],"product_brand":[],"product_cat":[42],"product_tag":[],"class_list":{"0":"post-1705","1":"product","2":"type-product","3":"status-publish","4":"has-post-thumbnail","6":"product_cat-estrutura-de-sim-racing","8":"first","9":"instock","10":"shipping-taxable","11":"purchasable","12":"product-type-simple"},"yoast_head":"<!-- This site is optimized with the Yoast SEO plugin v27.5 - https:\/\/yoast.com\/product\/yoast-seo-wordpress\/ -->\n<title>Potenci\u00f4metros externos para Compact-R e Evo - NjMotion Simulators<\/title>\n<meta name=\"robots\" content=\"index, follow, max-snippet:-1, max-image-preview:large, max-video-preview:-1\" \/>\n<link rel=\"canonical\" href=\"https:\/\/njmotion.com\/pt-br\/producto\/potenciometros-externos-para-compact-r-e-evo\/\" \/>\n<meta property=\"og:locale\" content=\"pt_BR\" \/>\n<meta property=\"og:type\" content=\"article\" \/>\n<meta property=\"og:title\" content=\"Potenci\u00f4metros externos para Compact-R e Evo - NjMotion Simulators\" \/>\n<meta property=\"og:description\" content=\"Um regula a velocidade, outro a acelera\u00e7\u00e3o ou a inclina\u00e7\u00e3o. Voc\u00ea pode modificar esses tr\u00eas fatores sem acessar o software, simplesmente usando os potenci\u00f4metros. Os potenci\u00f4metros est\u00e3o dispon\u00edveis para o Compact R e o Evo.\" \/>\n<meta property=\"og:url\" content=\"https:\/\/njmotion.com\/pt-br\/producto\/potenciometros-externos-para-compact-r-e-evo\/\" \/>\n<meta property=\"og:site_name\" content=\"NjMotion Simulators\" \/>\n<meta property=\"article:modified_time\" content=\"2025-10-17T14:01:06+00:00\" \/>\n<meta property=\"og:image\" content=\"https:\/\/njmotion.com\/wp-content\/uploads\/2025\/02\/potenciometros-fuera-para-compact-r-y-evo2.jpg\" \/>\n\t<meta property=\"og:image:width\" content=\"600\" \/>\n\t<meta property=\"og:image:height\" content=\"439\" \/>\n\t<meta property=\"og:image:type\" content=\"image\/jpeg\" \/>\n<meta name=\"twitter:card\" content=\"summary_large_image\" \/>\n<script type=\"application\/ld+json\" class=\"yoast-schema-graph\">{\"@context\":\"https:\\\/\\\/schema.org\",\"@graph\":[{\"@type\":\"WebPage\",\"@id\":\"https:\\\/\\\/njmotion.com\\\/pt-br\\\/producto\\\/potenciometros-externos-para-compact-r-e-evo\\\/\",\"url\":\"https:\\\/\\\/njmotion.com\\\/pt-br\\\/producto\\\/potenciometros-externos-para-compact-r-e-evo\\\/\",\"name\":\"Potenci\u00f4metros externos para Compact-R e Evo - NjMotion Simulators\",\"isPartOf\":{\"@id\":\"https:\\\/\\\/njmotion.com\\\/pt-br\\\/#website\"},\"primaryImageOfPage\":{\"@id\":\"https:\\\/\\\/njmotion.com\\\/pt-br\\\/producto\\\/potenciometros-externos-para-compact-r-e-evo\\\/#primaryimage\"},\"image\":{\"@id\":\"https:\\\/\\\/njmotion.com\\\/pt-br\\\/producto\\\/potenciometros-externos-para-compact-r-e-evo\\\/#primaryimage\"},\"thumbnailUrl\":\"https:\\\/\\\/njmotion.com\\\/wp-content\\\/uploads\\\/2025\\\/02\\\/potenciometros-fuera-para-compact-r-y-evo2.jpg\",\"datePublished\":\"2024-03-18T09:29:30+00:00\",\"dateModified\":\"2025-10-17T14:01:06+00:00\",\"breadcrumb\":{\"@id\":\"https:\\\/\\\/njmotion.com\\\/pt-br\\\/producto\\\/potenciometros-externos-para-compact-r-e-evo\\\/#breadcrumb\"},\"inLanguage\":\"pt-BR\",\"potentialAction\":[{\"@type\":\"ReadAction\",\"target\":[\"https:\\\/\\\/njmotion.com\\\/pt-br\\\/producto\\\/potenciometros-externos-para-compact-r-e-evo\\\/\"]}]},{\"@type\":\"ImageObject\",\"inLanguage\":\"pt-BR\",\"@id\":\"https:\\\/\\\/njmotion.com\\\/pt-br\\\/producto\\\/potenciometros-externos-para-compact-r-e-evo\\\/#primaryimage\",\"url\":\"https:\\\/\\\/njmotion.com\\\/wp-content\\\/uploads\\\/2025\\\/02\\\/potenciometros-fuera-para-compact-r-y-evo2.jpg\",\"contentUrl\":\"https:\\\/\\\/njmotion.com\\\/wp-content\\\/uploads\\\/2025\\\/02\\\/potenciometros-fuera-para-compact-r-y-evo2.jpg\",\"width\":600,\"height\":439,\"caption\":\"simuladores conduccion\"},{\"@type\":\"BreadcrumbList\",\"@id\":\"https:\\\/\\\/njmotion.com\\\/pt-br\\\/producto\\\/potenciometros-externos-para-compact-r-e-evo\\\/#breadcrumb\",\"itemListElement\":[{\"@type\":\"ListItem\",\"position\":1,\"name\":\"Portada\",\"item\":\"https:\\\/\\\/njmotion.com\\\/pt-br\\\/\"},{\"@type\":\"ListItem\",\"position\":2,\"name\":\"Loja\",\"item\":\"https:\\\/\\\/njmotion.com\\\/tienda\\\/\"},{\"@type\":\"ListItem\",\"position\":3,\"name\":\"Potenci\u00f4metros externos para Compact-R e Evo\"}]},{\"@type\":\"WebSite\",\"@id\":\"https:\\\/\\\/njmotion.com\\\/pt-br\\\/#website\",\"url\":\"https:\\\/\\\/njmotion.com\\\/pt-br\\\/\",\"name\":\"NjMotion Simulators\",\"description\":\"Simuladores de conducci\u00f3n y vuelo\",\"publisher\":{\"@id\":\"https:\\\/\\\/njmotion.com\\\/pt-br\\\/#organization\"},\"potentialAction\":[{\"@type\":\"SearchAction\",\"target\":{\"@type\":\"EntryPoint\",\"urlTemplate\":\"https:\\\/\\\/njmotion.com\\\/pt-br\\\/?s={search_term_string}\"},\"query-input\":{\"@type\":\"PropertyValueSpecification\",\"valueRequired\":true,\"valueName\":\"search_term_string\"}}],\"inLanguage\":\"pt-BR\"},{\"@type\":\"Organization\",\"@id\":\"https:\\\/\\\/njmotion.com\\\/pt-br\\\/#organization\",\"name\":\"NjMotion Simulators\",\"url\":\"https:\\\/\\\/njmotion.com\\\/pt-br\\\/\",\"logo\":{\"@type\":\"ImageObject\",\"inLanguage\":\"pt-BR\",\"@id\":\"https:\\\/\\\/njmotion.com\\\/pt-br\\\/#\\\/schema\\\/logo\\\/image\\\/\",\"url\":\"https:\\\/\\\/njmotion.com\\\/wp-content\\\/uploads\\\/2024\\\/01\\\/Logo-Nuevo-NjMotion-Enjey-copia-2.png\",\"contentUrl\":\"https:\\\/\\\/njmotion.com\\\/wp-content\\\/uploads\\\/2024\\\/01\\\/Logo-Nuevo-NjMotion-Enjey-copia-2.png\",\"width\":450,\"height\":90,\"caption\":\"NjMotion Simulators\"},\"image\":{\"@id\":\"https:\\\/\\\/njmotion.com\\\/pt-br\\\/#\\\/schema\\\/logo\\\/image\\\/\"}}]}<\/script>\n<!-- \/ Yoast SEO plugin. -->","yoast_head_json":{"title":"Potenci\u00f4metros externos para Compact-R e Evo - NjMotion Simulators","robots":{"index":"index","follow":"follow","max-snippet":"max-snippet:-1","max-image-preview":"max-image-preview:large","max-video-preview":"max-video-preview:-1"},"canonical":"https:\/\/njmotion.com\/pt-br\/producto\/potenciometros-externos-para-compact-r-e-evo\/","og_locale":"pt_BR","og_type":"article","og_title":"Potenci\u00f4metros externos para Compact-R e Evo - NjMotion Simulators","og_description":"Um regula a velocidade, outro a acelera\u00e7\u00e3o ou a inclina\u00e7\u00e3o. Voc\u00ea pode modificar esses tr\u00eas fatores sem acessar o software, simplesmente usando os potenci\u00f4metros. Os potenci\u00f4metros est\u00e3o dispon\u00edveis para o Compact R e o Evo.","og_url":"https:\/\/njmotion.com\/pt-br\/producto\/potenciometros-externos-para-compact-r-e-evo\/","og_site_name":"NjMotion Simulators","article_modified_time":"2025-10-17T14:01:06+00:00","og_image":[{"width":600,"height":439,"url":"https:\/\/njmotion.com\/wp-content\/uploads\/2025\/02\/potenciometros-fuera-para-compact-r-y-evo2.jpg","type":"image\/jpeg"}],"twitter_card":"summary_large_image","schema":{"@context":"https:\/\/schema.org","@graph":[{"@type":"WebPage","@id":"https:\/\/njmotion.com\/pt-br\/producto\/potenciometros-externos-para-compact-r-e-evo\/","url":"https:\/\/njmotion.com\/pt-br\/producto\/potenciometros-externos-para-compact-r-e-evo\/","name":"Potenci\u00f4metros externos para Compact-R e Evo - NjMotion Simulators","isPartOf":{"@id":"https:\/\/njmotion.com\/pt-br\/#website"},"primaryImageOfPage":{"@id":"https:\/\/njmotion.com\/pt-br\/producto\/potenciometros-externos-para-compact-r-e-evo\/#primaryimage"},"image":{"@id":"https:\/\/njmotion.com\/pt-br\/producto\/potenciometros-externos-para-compact-r-e-evo\/#primaryimage"},"thumbnailUrl":"https:\/\/njmotion.com\/wp-content\/uploads\/2025\/02\/potenciometros-fuera-para-compact-r-y-evo2.jpg","datePublished":"2024-03-18T09:29:30+00:00","dateModified":"2025-10-17T14:01:06+00:00","breadcrumb":{"@id":"https:\/\/njmotion.com\/pt-br\/producto\/potenciometros-externos-para-compact-r-e-evo\/#breadcrumb"},"inLanguage":"pt-BR","potentialAction":[{"@type":"ReadAction","target":["https:\/\/njmotion.com\/pt-br\/producto\/potenciometros-externos-para-compact-r-e-evo\/"]}]},{"@type":"ImageObject","inLanguage":"pt-BR","@id":"https:\/\/njmotion.com\/pt-br\/producto\/potenciometros-externos-para-compact-r-e-evo\/#primaryimage","url":"https:\/\/njmotion.com\/wp-content\/uploads\/2025\/02\/potenciometros-fuera-para-compact-r-y-evo2.jpg","contentUrl":"https:\/\/njmotion.com\/wp-content\/uploads\/2025\/02\/potenciometros-fuera-para-compact-r-y-evo2.jpg","width":600,"height":439,"caption":"simuladores conduccion"},{"@type":"BreadcrumbList","@id":"https:\/\/njmotion.com\/pt-br\/producto\/potenciometros-externos-para-compact-r-e-evo\/#breadcrumb","itemListElement":[{"@type":"ListItem","position":1,"name":"Portada","item":"https:\/\/njmotion.com\/pt-br\/"},{"@type":"ListItem","position":2,"name":"Loja","item":"https:\/\/njmotion.com\/tienda\/"},{"@type":"ListItem","position":3,"name":"Potenci\u00f4metros externos para Compact-R e Evo"}]},{"@type":"WebSite","@id":"https:\/\/njmotion.com\/pt-br\/#website","url":"https:\/\/njmotion.com\/pt-br\/","name":"NjMotion Simulators","description":"Simuladores de conducci\u00f3n y vuelo","publisher":{"@id":"https:\/\/njmotion.com\/pt-br\/#organization"},"potentialAction":[{"@type":"SearchAction","target":{"@type":"EntryPoint","urlTemplate":"https:\/\/njmotion.com\/pt-br\/?s={search_term_string}"},"query-input":{"@type":"PropertyValueSpecification","valueRequired":true,"valueName":"search_term_string"}}],"inLanguage":"pt-BR"},{"@type":"Organization","@id":"https:\/\/njmotion.com\/pt-br\/#organization","name":"NjMotion Simulators","url":"https:\/\/njmotion.com\/pt-br\/","logo":{"@type":"ImageObject","inLanguage":"pt-BR","@id":"https:\/\/njmotion.com\/pt-br\/#\/schema\/logo\/image\/","url":"https:\/\/njmotion.com\/wp-content\/uploads\/2024\/01\/Logo-Nuevo-NjMotion-Enjey-copia-2.png","contentUrl":"https:\/\/njmotion.com\/wp-content\/uploads\/2024\/01\/Logo-Nuevo-NjMotion-Enjey-copia-2.png","width":450,"height":90,"caption":"NjMotion Simulators"},"image":{"@id":"https:\/\/njmotion.com\/pt-br\/#\/schema\/logo\/image\/"}}]}},"_links":{"self":[{"href":"https:\/\/njmotion.com\/pt-br\/wp-json\/wp\/v2\/product\/1705","targetHints":{"allow":["GET"]}}],"collection":[{"href":"https:\/\/njmotion.com\/pt-br\/wp-json\/wp\/v2\/product"}],"about":[{"href":"https:\/\/njmotion.com\/pt-br\/wp-json\/wp\/v2\/types\/product"}],"replies":[{"embeddable":true,"href":"https:\/\/njmotion.com\/pt-br\/wp-json\/wp\/v2\/comments?post=1705"}],"wp:featuredmedia":[{"embeddable":true,"href":"https:\/\/njmotion.com\/pt-br\/wp-json\/wp\/v2\/media\/531"}],"wp:attachment":[{"href":"https:\/\/njmotion.com\/pt-br\/wp-json\/wp\/v2\/media?parent=1705"}],"wp:term":[{"taxonomy":"product_brand","embeddable":true,"href":"https:\/\/njmotion.com\/pt-br\/wp-json\/wp\/v2\/product_brand?post=1705"},{"taxonomy":"product_cat","embeddable":true,"href":"https:\/\/njmotion.com\/pt-br\/wp-json\/wp\/v2\/product_cat?post=1705"},{"taxonomy":"product_tag","embeddable":true,"href":"https:\/\/njmotion.com\/pt-br\/wp-json\/wp\/v2\/product_tag?post=1705"}],"curies":[{"name":"wp","href":"https:\/\/api.w.org\/{rel}","templated":true}]}}