{"id":1765,"date":"2024-03-18T09:23:52","date_gmt":"2024-03-18T09:23:52","guid":{"rendered":"https:\/\/njmotion.com\/producto\/suporte-para-teclado-do-cockpit\/"},"modified":"2024-03-18T09:23:52","modified_gmt":"2024-03-18T08:23:52","slug":"suporte-para-teclado-do-cockpit","status":"publish","type":"product","link":"https:\/\/njmotion.com\/pt-br\/producto\/suporte-para-teclado-do-cockpit\/","title":{"rendered":"Suporte para teclado do cockpit"},"content":{"rendered":"<p><\/p>\n","protected":false},"excerpt":{"rendered":"<div class=\"product-reference\">Refer\u00eancia NJM0021<\/div>\n","protected":false},"featured_media":413,"comment_status":"open","ping_status":"closed","template":"","meta":[],"product_brand":[],"product_cat":[52],"product_tag":[],"class_list":{"0":"post-1765","1":"product","2":"type-product","3":"status-publish","4":"has-post-thumbnail","6":"product_cat-acessorios","8":"first","9":"instock","10":"shipping-taxable","11":"purchasable","12":"product-type-simple"},"yoast_head":"<!-- This site is optimized with the Yoast SEO plugin v27.4 - https:\/\/yoast.com\/product\/yoast-seo-wordpress\/ -->\n<title>Suporte para teclado de cockpit | Simuladores NjMotion<\/title>\n<meta name=\"description\" content=\"Suporte ajust\u00e1vel para teclado de cockpit para simula\u00e7\u00e3o de corrida. Otimize sua configura\u00e7\u00e3o e melhore sua experi\u00eancia de dire\u00e7\u00e3o hoje mesmo!\" \/>\n<meta name=\"robots\" content=\"index, follow, max-snippet:-1, max-image-preview:large, max-video-preview:-1\" \/>\n<link rel=\"canonical\" href=\"https:\/\/njmotion.com\/pt-br\/producto\/suporte-para-teclado-do-cockpit\/\" \/>\n<meta property=\"og:locale\" content=\"pt_BR\" \/>\n<meta property=\"og:type\" content=\"article\" \/>\n<meta property=\"og:title\" content=\"Suporte para teclado de cockpit | Simuladores NjMotion\" \/>\n<meta property=\"og:description\" content=\"Suporte ajust\u00e1vel para teclado de cockpit para simula\u00e7\u00e3o de corrida. Otimize sua configura\u00e7\u00e3o e melhore sua experi\u00eancia de dire\u00e7\u00e3o hoje mesmo!\" \/>\n<meta property=\"og:url\" content=\"https:\/\/njmotion.com\/pt-br\/producto\/suporte-para-teclado-do-cockpit\/\" \/>\n<meta property=\"og:site_name\" content=\"NjMotion Simulators\" \/>\n<meta property=\"og:image\" content=\"https:\/\/njmotion.com\/wp-content\/uploads\/2024\/03\/09-1024x1024.jpg\" \/>\n\t<meta property=\"og:image:width\" content=\"1024\" \/>\n\t<meta property=\"og:image:height\" content=\"1024\" \/>\n\t<meta property=\"og:image:type\" content=\"image\/jpeg\" \/>\n<meta name=\"twitter:card\" content=\"summary_large_image\" \/>\n<script type=\"application\/ld+json\" class=\"yoast-schema-graph\">{\"@context\":\"https:\\\/\\\/schema.org\",\"@graph\":[{\"@type\":\"WebPage\",\"@id\":\"https:\\\/\\\/njmotion.com\\\/pt-br\\\/producto\\\/suporte-para-teclado-do-cockpit\\\/\",\"url\":\"https:\\\/\\\/njmotion.com\\\/pt-br\\\/producto\\\/suporte-para-teclado-do-cockpit\\\/\",\"name\":\"Suporte para teclado de cockpit | Simuladores NjMotion\",\"isPartOf\":{\"@id\":\"https:\\\/\\\/njmotion.com\\\/pt-br\\\/#website\"},\"primaryImageOfPage\":{\"@id\":\"https:\\\/\\\/njmotion.com\\\/pt-br\\\/producto\\\/suporte-para-teclado-do-cockpit\\\/#primaryimage\"},\"image\":{\"@id\":\"https:\\\/\\\/njmotion.com\\\/pt-br\\\/producto\\\/suporte-para-teclado-do-cockpit\\\/#primaryimage\"},\"thumbnailUrl\":\"https:\\\/\\\/njmotion.com\\\/wp-content\\\/uploads\\\/2024\\\/03\\\/09.jpg\",\"datePublished\":\"2024-03-18T09:23:52+00:00\",\"description\":\"Suporte ajust\u00e1vel para teclado de cockpit para simula\u00e7\u00e3o de corrida. Otimize sua configura\u00e7\u00e3o e melhore sua experi\u00eancia de dire\u00e7\u00e3o hoje mesmo!\",\"breadcrumb\":{\"@id\":\"https:\\\/\\\/njmotion.com\\\/pt-br\\\/producto\\\/suporte-para-teclado-do-cockpit\\\/#breadcrumb\"},\"inLanguage\":\"pt-BR\",\"potentialAction\":[{\"@type\":\"ReadAction\",\"target\":[\"https:\\\/\\\/njmotion.com\\\/pt-br\\\/producto\\\/suporte-para-teclado-do-cockpit\\\/\"]}]},{\"@type\":\"ImageObject\",\"inLanguage\":\"pt-BR\",\"@id\":\"https:\\\/\\\/njmotion.com\\\/pt-br\\\/producto\\\/suporte-para-teclado-do-cockpit\\\/#primaryimage\",\"url\":\"https:\\\/\\\/njmotion.com\\\/wp-content\\\/uploads\\\/2024\\\/03\\\/09.jpg\",\"contentUrl\":\"https:\\\/\\\/njmotion.com\\\/wp-content\\\/uploads\\\/2024\\\/03\\\/09.jpg\",\"width\":2000,\"height\":2000,\"caption\":\"simuladores conduccion\"},{\"@type\":\"BreadcrumbList\",\"@id\":\"https:\\\/\\\/njmotion.com\\\/pt-br\\\/producto\\\/suporte-para-teclado-do-cockpit\\\/#breadcrumb\",\"itemListElement\":[{\"@type\":\"ListItem\",\"position\":1,\"name\":\"Portada\",\"item\":\"https:\\\/\\\/njmotion.com\\\/pt-br\\\/\"},{\"@type\":\"ListItem\",\"position\":2,\"name\":\"Loja\",\"item\":\"https:\\\/\\\/njmotion.com\\\/tienda\\\/\"},{\"@type\":\"ListItem\",\"position\":3,\"name\":\"Suporte para teclado do cockpit\"}]},{\"@type\":\"WebSite\",\"@id\":\"https:\\\/\\\/njmotion.com\\\/pt-br\\\/#website\",\"url\":\"https:\\\/\\\/njmotion.com\\\/pt-br\\\/\",\"name\":\"NjMotion Simulators\",\"description\":\"Simuladores de conducci\u00f3n y vuelo\",\"publisher\":{\"@id\":\"https:\\\/\\\/njmotion.com\\\/pt-br\\\/#organization\"},\"potentialAction\":[{\"@type\":\"SearchAction\",\"target\":{\"@type\":\"EntryPoint\",\"urlTemplate\":\"https:\\\/\\\/njmotion.com\\\/pt-br\\\/?s={search_term_string}\"},\"query-input\":{\"@type\":\"PropertyValueSpecification\",\"valueRequired\":true,\"valueName\":\"search_term_string\"}}],\"inLanguage\":\"pt-BR\"},{\"@type\":\"Organization\",\"@id\":\"https:\\\/\\\/njmotion.com\\\/pt-br\\\/#organization\",\"name\":\"NjMotion Simulators\",\"url\":\"https:\\\/\\\/njmotion.com\\\/pt-br\\\/\",\"logo\":{\"@type\":\"ImageObject\",\"inLanguage\":\"pt-BR\",\"@id\":\"https:\\\/\\\/njmotion.com\\\/pt-br\\\/#\\\/schema\\\/logo\\\/image\\\/\",\"url\":\"https:\\\/\\\/njmotion.com\\\/wp-content\\\/uploads\\\/2024\\\/01\\\/Logo-Nuevo-NjMotion-Enjey-copia-2.png\",\"contentUrl\":\"https:\\\/\\\/njmotion.com\\\/wp-content\\\/uploads\\\/2024\\\/01\\\/Logo-Nuevo-NjMotion-Enjey-copia-2.png\",\"width\":450,\"height\":90,\"caption\":\"NjMotion Simulators\"},\"image\":{\"@id\":\"https:\\\/\\\/njmotion.com\\\/pt-br\\\/#\\\/schema\\\/logo\\\/image\\\/\"}}]}<\/script>\n<!-- \/ Yoast SEO plugin. -->","yoast_head_json":{"title":"Suporte para teclado de cockpit | Simuladores NjMotion","description":"Suporte ajust\u00e1vel para teclado de cockpit para simula\u00e7\u00e3o de corrida. Otimize sua configura\u00e7\u00e3o e melhore sua experi\u00eancia de dire\u00e7\u00e3o hoje mesmo!","robots":{"index":"index","follow":"follow","max-snippet":"max-snippet:-1","max-image-preview":"max-image-preview:large","max-video-preview":"max-video-preview:-1"},"canonical":"https:\/\/njmotion.com\/pt-br\/producto\/suporte-para-teclado-do-cockpit\/","og_locale":"pt_BR","og_type":"article","og_title":"Suporte para teclado de cockpit | Simuladores NjMotion","og_description":"Suporte ajust\u00e1vel para teclado de cockpit para simula\u00e7\u00e3o de corrida. Otimize sua configura\u00e7\u00e3o e melhore sua experi\u00eancia de dire\u00e7\u00e3o hoje mesmo!","og_url":"https:\/\/njmotion.com\/pt-br\/producto\/suporte-para-teclado-do-cockpit\/","og_site_name":"NjMotion Simulators","og_image":[{"width":1024,"height":1024,"url":"https:\/\/njmotion.com\/wp-content\/uploads\/2024\/03\/09-1024x1024.jpg","type":"image\/jpeg"}],"twitter_card":"summary_large_image","schema":{"@context":"https:\/\/schema.org","@graph":[{"@type":"WebPage","@id":"https:\/\/njmotion.com\/pt-br\/producto\/suporte-para-teclado-do-cockpit\/","url":"https:\/\/njmotion.com\/pt-br\/producto\/suporte-para-teclado-do-cockpit\/","name":"Suporte para teclado de cockpit | Simuladores NjMotion","isPartOf":{"@id":"https:\/\/njmotion.com\/pt-br\/#website"},"primaryImageOfPage":{"@id":"https:\/\/njmotion.com\/pt-br\/producto\/suporte-para-teclado-do-cockpit\/#primaryimage"},"image":{"@id":"https:\/\/njmotion.com\/pt-br\/producto\/suporte-para-teclado-do-cockpit\/#primaryimage"},"thumbnailUrl":"https:\/\/njmotion.com\/wp-content\/uploads\/2024\/03\/09.jpg","datePublished":"2024-03-18T09:23:52+00:00","description":"Suporte ajust\u00e1vel para teclado de cockpit para simula\u00e7\u00e3o de corrida. Otimize sua configura\u00e7\u00e3o e melhore sua experi\u00eancia de dire\u00e7\u00e3o hoje mesmo!","breadcrumb":{"@id":"https:\/\/njmotion.com\/pt-br\/producto\/suporte-para-teclado-do-cockpit\/#breadcrumb"},"inLanguage":"pt-BR","potentialAction":[{"@type":"ReadAction","target":["https:\/\/njmotion.com\/pt-br\/producto\/suporte-para-teclado-do-cockpit\/"]}]},{"@type":"ImageObject","inLanguage":"pt-BR","@id":"https:\/\/njmotion.com\/pt-br\/producto\/suporte-para-teclado-do-cockpit\/#primaryimage","url":"https:\/\/njmotion.com\/wp-content\/uploads\/2024\/03\/09.jpg","contentUrl":"https:\/\/njmotion.com\/wp-content\/uploads\/2024\/03\/09.jpg","width":2000,"height":2000,"caption":"simuladores conduccion"},{"@type":"BreadcrumbList","@id":"https:\/\/njmotion.com\/pt-br\/producto\/suporte-para-teclado-do-cockpit\/#breadcrumb","itemListElement":[{"@type":"ListItem","position":1,"name":"Portada","item":"https:\/\/njmotion.com\/pt-br\/"},{"@type":"ListItem","position":2,"name":"Loja","item":"https:\/\/njmotion.com\/tienda\/"},{"@type":"ListItem","position":3,"name":"Suporte para teclado do cockpit"}]},{"@type":"WebSite","@id":"https:\/\/njmotion.com\/pt-br\/#website","url":"https:\/\/njmotion.com\/pt-br\/","name":"NjMotion Simulators","description":"Simuladores de conducci\u00f3n y vuelo","publisher":{"@id":"https:\/\/njmotion.com\/pt-br\/#organization"},"potentialAction":[{"@type":"SearchAction","target":{"@type":"EntryPoint","urlTemplate":"https:\/\/njmotion.com\/pt-br\/?s={search_term_string}"},"query-input":{"@type":"PropertyValueSpecification","valueRequired":true,"valueName":"search_term_string"}}],"inLanguage":"pt-BR"},{"@type":"Organization","@id":"https:\/\/njmotion.com\/pt-br\/#organization","name":"NjMotion Simulators","url":"https:\/\/njmotion.com\/pt-br\/","logo":{"@type":"ImageObject","inLanguage":"pt-BR","@id":"https:\/\/njmotion.com\/pt-br\/#\/schema\/logo\/image\/","url":"https:\/\/njmotion.com\/wp-content\/uploads\/2024\/01\/Logo-Nuevo-NjMotion-Enjey-copia-2.png","contentUrl":"https:\/\/njmotion.com\/wp-content\/uploads\/2024\/01\/Logo-Nuevo-NjMotion-Enjey-copia-2.png","width":450,"height":90,"caption":"NjMotion Simulators"},"image":{"@id":"https:\/\/njmotion.com\/pt-br\/#\/schema\/logo\/image\/"}}]}},"_links":{"self":[{"href":"https:\/\/njmotion.com\/pt-br\/wp-json\/wp\/v2\/product\/1765","targetHints":{"allow":["GET"]}}],"collection":[{"href":"https:\/\/njmotion.com\/pt-br\/wp-json\/wp\/v2\/product"}],"about":[{"href":"https:\/\/njmotion.com\/pt-br\/wp-json\/wp\/v2\/types\/product"}],"replies":[{"embeddable":true,"href":"https:\/\/njmotion.com\/pt-br\/wp-json\/wp\/v2\/comments?post=1765"}],"wp:featuredmedia":[{"embeddable":true,"href":"https:\/\/njmotion.com\/pt-br\/wp-json\/wp\/v2\/media\/413"}],"wp:attachment":[{"href":"https:\/\/njmotion.com\/pt-br\/wp-json\/wp\/v2\/media?parent=1765"}],"wp:term":[{"taxonomy":"product_brand","embeddable":true,"href":"https:\/\/njmotion.com\/pt-br\/wp-json\/wp\/v2\/product_brand?post=1765"},{"taxonomy":"product_cat","embeddable":true,"href":"https:\/\/njmotion.com\/pt-br\/wp-json\/wp\/v2\/product_cat?post=1765"},{"taxonomy":"product_tag","embeddable":true,"href":"https:\/\/njmotion.com\/pt-br\/wp-json\/wp\/v2\/product_tag?post=1765"}],"curies":[{"name":"wp","href":"https:\/\/api.w.org\/{rel}","templated":true}]}}